{"id":30650,"date":"2026-04-13T13:19:58","date_gmt":"2026-04-13T11:19:58","guid":{"rendered":"https:\/\/centrumogrodnicze-magnolia.pl\/?post_type=product&#038;p=30650"},"modified":"2026-04-13T13:21:10","modified_gmt":"2026-04-13T11:21:10","slug":"lyszczec-wiechowaty-festival-white-flare-gypsophila-paniculata-festival-white-flare","status":"publish","type":"product","link":"https:\/\/centrumogrodnicze-magnolia.pl\/en\/sklep\/byliny\/lyszczec-wiechowaty-festival-white-flare-gypsophila-paniculata-festival-white-flare\/","title":{"rendered":"\u0141yszczec wiechowaty &#8222;Festival White Flare\u201d &#8211; Gypsophila paniculata \u201eFestival White Flare\u201d"},"content":{"rendered":"<div id=\"menu_153\" class=\"center_menu menumodule col3\">\n<div id=\"module_63\" class=\"module col3\">\n<div class=\"module_body\">\n<div id=\"product\" class=\"product\">\n<div id=\"product_description\" class=\"product_description\">\n<div class=\"product_description_item site\">\n<div id=\"menu_153\" class=\"center_menu menumodule col3\">\n<div id=\"module_63\" class=\"module col3\">\n<div class=\"module_body\">\n<div id=\"product\" class=\"product\">\n<div id=\"product_description\" class=\"product_description\">\n<div class=\"product_description_item site\">\n<div id=\"menu_153\" class=\"center_menu menumodule col3\">\n<div id=\"module_63\" class=\"module col3\">\n<div class=\"module_body\">\n<div id=\"product\" class=\"product\">\n<div id=\"product_description\" class=\"product_description\">\n<div class=\"product_description_item site\">\n<div id=\"menu_153\" class=\"center_menu menumodule col3\">\n<div id=\"module_63\" class=\"module col3\">\n<div class=\"module_body\">\n<div id=\"product\" class=\"product\">\n<div id=\"product_description\" class=\"product_description\">\n<div class=\"product_description_item site\">\n<div id=\"menu_153\" class=\"center_menu menumodule col3\">\n<div id=\"module_63\" class=\"module col3\">\n<div class=\"module_body\">\n<div id=\"product\" class=\"product\">\n<div id=\"product_description\" class=\"product_description\">\n<div class=\"product_description_item site\">\n<div id=\"menu_153\" class=\"center_menu menumodule col3\">\n<div id=\"module_63\" class=\"module col3\">\n<div class=\"module_body\">\n<div id=\"product\" class=\"product\">\n<div id=\"product_description\" class=\"product_description\">\n<div class=\"product_description_item site\">\n<div id=\"menu_153\" class=\"center_menu menumodule col3\">\n<div id=\"module_63\" class=\"module col3\">\n<div class=\"module_body\">\n<div id=\"product\" class=\"product\">\n<div id=\"product_description\" class=\"product_description\">\n<div class=\"product_description_item site\">\n<div id=\"menu_153\" class=\"center_menu menumodule col3\">\n<div id=\"module_63\" class=\"module col3\">\n<div class=\"module_body\">\n<div id=\"product\" class=\"product\">\n<div id=\"product_description\" class=\"product_description\">\n<div class=\"product_description_item site\">\n<div id=\"menu_153\" class=\"center_menu menumodule col3\">\n<div id=\"module_63\" class=\"module col3\">\n<div class=\"module_body\">\n<div id=\"product\" class=\"product\">\n<div id=\"product_description\" class=\"product_description\">\n<div class=\"product_description_item site\">\n<div id=\"menu_153\" class=\"center_menu menumodule col3\">\n<div id=\"module_63\" class=\"module col3\">\n<div class=\"module_body\">\n<div id=\"product\" class=\"product\">\n<div id=\"product_description\" class=\"product_description\">\n<div class=\"product_description_item site\">\n<div id=\"menu_153\" class=\"center_menu menumodule col3\">\n<div id=\"module_63\" class=\"module col3\">\n<div class=\"module_body\">\n<div id=\"product\" class=\"product\">\n<div id=\"product_description\" class=\"product_description\">\n<div class=\"product_description_item site\">\n<div id=\"menu_153\" class=\"center_menu menumodule col3\">\n<div id=\"module_63\" class=\"module col3\">\n<div class=\"module_body\">\n<div id=\"product\" class=\"product\">\n<div id=\"product_description\" class=\"product_description\">\n<div class=\"product_description_item site\">\n<div id=\"menu_153\" class=\"center_menu menumodule col3\">\n<div id=\"module_63\" class=\"module col3\">\n<div class=\"module_body\">\n<div id=\"product\" class=\"product\">\n<div id=\"product_description\" class=\"product_description\">\n<div class=\"product_description_item site\">\n<div id=\"menu_153\" class=\"center_menu menumodule col3\">\n<div id=\"module_63\" class=\"module col3\">\n<div class=\"module_body\">\n<div id=\"product\" class=\"product\">\n<div id=\"product_description\" class=\"product_description\">\n<div class=\"product_description_item site\">\n<div id=\"menu_153\" class=\"center_menu menumodule col3\">\n<div id=\"module_63\" class=\"module col3\">\n<div class=\"module_body\">\n<div id=\"product\" class=\"product\">\n<div id=\"product_description\" class=\"product_description\">\n<div class=\"product_description_item site\">\n<p>Wieloletnia kompaktowa i mocno rozga\u0142\u0119ziona bylina tworz\u0105ca nisk\u0105 k\u0119p\u0119 z drobnym bia\u0142ym kwiatostanem. Dorasta do 4ocm wysoko\u015bci. Kwitnienie przypada od czerwca do sierpnia. Najlepiej ro\u015bnie na stanowisku s\u0142onecznym, z przepuszczaln\u0105 i umiarkowanie wilgotn\u0105 gleb\u0105. Odmiana mrozoodporna.<\/p>\n<\/div>\n<\/div>\n<p>Zdj\u0119cia podgl\u0105dowe nie przedstawiaj\u0105ce obecnego wygl\u0105du i stanu ro\u015blin.<\/p>\n<\/div>\n<\/div>\n<\/div>\n<\/div>\n<\/div>\n<\/div>\n<\/div>\n<\/div>\n<\/div>\n<\/div>\n<\/div>\n<\/div>\n<\/div>\n<\/div>\n<\/div>\n<\/div>\n<\/div>\n<\/div>\n<\/div>\n<\/div>\n<\/div>\n<\/div>\n<\/div>\n<\/div>\n<\/div>\n<\/div>\n<\/div>\n<\/div>\n<\/div>\n<\/div>\n<\/div>\n<\/div>\n<\/div>\n<\/div>\n<\/div>\n<\/div>\n<\/div>\n<\/div>\n<\/div>\n<\/div>\n<\/div>\n<\/div>\n<\/div>\n<\/div>\n<\/div>\n<\/div>\n<\/div>\n<\/div>\n<\/div>\n<\/div>\n<\/div>\n<\/div>\n<\/div>\n<\/div>\n<\/div>\n<\/div>\n<\/div>\n<\/div>\n<\/div>\n<\/div>\n<\/div>\n<\/div>\n<\/div>\n<\/div>\n<\/div>\n<\/div>\n<\/div>\n<\/div>\n<\/div>\n<\/div>\n<\/div>\n<\/div>\n<\/div>\n<\/div>\n<\/div>\n<\/div>\n<\/div>\n<\/div>\n<\/div>\n<\/div>\n<\/div>\n<\/div>\n<\/div>\n<\/div>\n<\/div>\n<\/div>\n<\/div>\n<\/div>","protected":false},"excerpt":{"rendered":"<p><span style=\"color: #4b3918;\"><span style=\"font-family: Alegreya Sans, sans-serif;\"><span style=\"font-size: large;\">Stanowisko: S\u0142oneczne<\/span><\/span><\/span><\/p>\n<p><span style=\"color: #4b3918;\"><span style=\"font-family: Alegreya Sans, sans-serif;\"><span style=\"font-size: large;\">Kwitnienie: czerwiec<b> &#8211; sierpie\u0144<\/b><\/span><\/span><\/span><\/p>","protected":false},"featured_media":30651,"template":"","meta":[],"product_brand":[],"product_cat":[122],"product_tag":[],"class_list":{"0":"post-30650","1":"product","2":"type-product","3":"status-publish","4":"has-post-thumbnail","6":"product_cat-byliny","7":"product_shipping_class-rosliny","9":"first","10":"instock","11":"taxable","12":"shipping-taxable","13":"purchasable","14":"product-type-simple"},"yoast_head":"<!-- This site is optimized with the Yoast SEO plugin v24.4 - https:\/\/yoast.com\/wordpress\/plugins\/seo\/ -->\n<title>\u0141yszczec wiechowaty &quot;Festival White Flare\u201d - Gypsophila paniculata \u201eFestival White Flare\u201d - Centrum Ogrodniczne Magnolia<\/title>\n<meta name=\"robots\" content=\"index, follow, max-snippet:-1, max-image-preview:large, max-video-preview:-1\" \/>\n<link rel=\"canonical\" href=\"https:\/\/centrumogrodnicze-magnolia.pl\/en\/sklep\/byliny\/lyszczec-wiechowaty-festival-white-flare-gypsophila-paniculata-festival-white-flare\/\" \/>\n<meta property=\"og:locale\" content=\"en_GB\" \/>\n<meta property=\"og:type\" content=\"article\" \/>\n<meta property=\"og:title\" content=\"\u0141yszczec wiechowaty &quot;Festival White Flare\u201d - Gypsophila paniculata \u201eFestival White Flare\u201d - Centrum Ogrodniczne Magnolia\" \/>\n<meta property=\"og:description\" content=\"Stanowisko: S\u0142oneczne  Kwitnienie: czerwiec - sierpie\u0144\" \/>\n<meta property=\"og:url\" content=\"https:\/\/centrumogrodnicze-magnolia.pl\/en\/sklep\/byliny\/lyszczec-wiechowaty-festival-white-flare-gypsophila-paniculata-festival-white-flare\/\" \/>\n<meta property=\"og:site_name\" content=\"Centrum Ogrodniczne Magnolia\" \/>\n<meta property=\"article:modified_time\" content=\"2026-04-13T11:21:10+00:00\" \/>\n<meta property=\"og:image\" content=\"https:\/\/centrumogrodnicze-magnolia.pl\/wp-content\/uploads\/2026\/04\/festival-white-flare_gypsophila-paniculata_77421_1-scaled.jpg\" \/>\n\t<meta property=\"og:image:width\" content=\"2560\" \/>\n\t<meta property=\"og:image:height\" content=\"2560\" \/>\n\t<meta property=\"og:image:type\" content=\"image\/jpeg\" \/>\n<meta name=\"twitter:card\" content=\"summary_large_image\" \/>\n<meta name=\"twitter:label1\" content=\"Estimated reading time\" \/>\n\t<meta name=\"twitter:data1\" content=\"1 minute\" \/>\n<script type=\"application\/ld+json\" class=\"yoast-schema-graph\">{\"@context\":\"https:\/\/schema.org\",\"@graph\":[{\"@type\":\"WebPage\",\"@id\":\"https:\/\/centrumogrodnicze-magnolia.pl\/sklep\/byliny\/lyszczec-wiechowaty-festival-white-flare-gypsophila-paniculata-festival-white-flare\/\",\"url\":\"https:\/\/centrumogrodnicze-magnolia.pl\/sklep\/byliny\/lyszczec-wiechowaty-festival-white-flare-gypsophila-paniculata-festival-white-flare\/\",\"name\":\"\u0141yszczec wiechowaty \\\"Festival White Flare\u201d - Gypsophila paniculata \u201eFestival White Flare\u201d - Centrum Ogrodniczne Magnolia\",\"isPartOf\":{\"@id\":\"https:\/\/centrumogrodnicze-magnolia.pl\/#website\"},\"primaryImageOfPage\":{\"@id\":\"https:\/\/centrumogrodnicze-magnolia.pl\/sklep\/byliny\/lyszczec-wiechowaty-festival-white-flare-gypsophila-paniculata-festival-white-flare\/#primaryimage\"},\"image\":{\"@id\":\"https:\/\/centrumogrodnicze-magnolia.pl\/sklep\/byliny\/lyszczec-wiechowaty-festival-white-flare-gypsophila-paniculata-festival-white-flare\/#primaryimage\"},\"thumbnailUrl\":\"https:\/\/centrumogrodnicze-magnolia.pl\/wp-content\/uploads\/2026\/04\/festival-white-flare_gypsophila-paniculata_77421_1-scaled.jpg\",\"datePublished\":\"2026-04-13T11:19:58+00:00\",\"dateModified\":\"2026-04-13T11:21:10+00:00\",\"breadcrumb\":{\"@id\":\"https:\/\/centrumogrodnicze-magnolia.pl\/sklep\/byliny\/lyszczec-wiechowaty-festival-white-flare-gypsophila-paniculata-festival-white-flare\/#breadcrumb\"},\"inLanguage\":\"en-GB\",\"potentialAction\":[{\"@type\":\"ReadAction\",\"target\":[\"https:\/\/centrumogrodnicze-magnolia.pl\/sklep\/byliny\/lyszczec-wiechowaty-festival-white-flare-gypsophila-paniculata-festival-white-flare\/\"]}]},{\"@type\":\"ImageObject\",\"inLanguage\":\"en-GB\",\"@id\":\"https:\/\/centrumogrodnicze-magnolia.pl\/sklep\/byliny\/lyszczec-wiechowaty-festival-white-flare-gypsophila-paniculata-festival-white-flare\/#primaryimage\",\"url\":\"https:\/\/centrumogrodnicze-magnolia.pl\/wp-content\/uploads\/2026\/04\/festival-white-flare_gypsophila-paniculata_77421_1-scaled.jpg\",\"contentUrl\":\"https:\/\/centrumogrodnicze-magnolia.pl\/wp-content\/uploads\/2026\/04\/festival-white-flare_gypsophila-paniculata_77421_1-scaled.jpg\",\"width\":2560,\"height\":2560},{\"@type\":\"BreadcrumbList\",\"@id\":\"https:\/\/centrumogrodnicze-magnolia.pl\/sklep\/byliny\/lyszczec-wiechowaty-festival-white-flare-gypsophila-paniculata-festival-white-flare\/#breadcrumb\",\"itemListElement\":[{\"@type\":\"ListItem\",\"position\":1,\"name\":\"Home\",\"item\":\"https:\/\/centrumogrodnicze-magnolia.pl\/\"},{\"@type\":\"ListItem\",\"position\":2,\"name\":\"Sklep\",\"item\":\"https:\/\/centrumogrodnicze-magnolia.pl\/sklep\/\"},{\"@type\":\"ListItem\",\"position\":3,\"name\":\"\u0141yszczec wiechowaty &#8222;Festival White Flare\u201d &#8211; Gypsophila paniculata \u201eFestival White Flare\u201d\"}]},{\"@type\":\"WebSite\",\"@id\":\"https:\/\/centrumogrodnicze-magnolia.pl\/#website\",\"url\":\"https:\/\/centrumogrodnicze-magnolia.pl\/\",\"name\":\"Centrum Ogrodniczne Magnolia\",\"description\":\"\",\"publisher\":{\"@id\":\"https:\/\/centrumogrodnicze-magnolia.pl\/#organization\"},\"potentialAction\":[{\"@type\":\"SearchAction\",\"target\":{\"@type\":\"EntryPoint\",\"urlTemplate\":\"https:\/\/centrumogrodnicze-magnolia.pl\/?s={search_term_string}\"},\"query-input\":{\"@type\":\"PropertyValueSpecification\",\"valueRequired\":true,\"valueName\":\"search_term_string\"}}],\"inLanguage\":\"en-GB\"},{\"@type\":\"Organization\",\"@id\":\"https:\/\/centrumogrodnicze-magnolia.pl\/#organization\",\"name\":\"Centrum Ogrodniczne Magnolia\",\"url\":\"https:\/\/centrumogrodnicze-magnolia.pl\/\",\"logo\":{\"@type\":\"ImageObject\",\"inLanguage\":\"en-GB\",\"@id\":\"https:\/\/centrumogrodnicze-magnolia.pl\/#\/schema\/logo\/image\/\",\"url\":\"https:\/\/centrumogrodnicze-magnolia.pl\/wp-content\/uploads\/2026\/02\/Projekt-bez-nazwy-36.png\",\"contentUrl\":\"https:\/\/centrumogrodnicze-magnolia.pl\/wp-content\/uploads\/2026\/02\/Projekt-bez-nazwy-36.png\",\"width\":1600,\"height\":362,\"caption\":\"Centrum Ogrodniczne Magnolia\"},\"image\":{\"@id\":\"https:\/\/centrumogrodnicze-magnolia.pl\/#\/schema\/logo\/image\/\"}}]}<\/script>\n<!-- \/ Yoast SEO plugin. -->","yoast_head_json":{"title":"\u0141yszczec wiechowaty \"Festival White Flare\u201d - Gypsophila paniculata \u201eFestival White Flare\u201d - Centrum Ogrodniczne Magnolia","robots":{"index":"index","follow":"follow","max-snippet":"max-snippet:-1","max-image-preview":"max-image-preview:large","max-video-preview":"max-video-preview:-1"},"canonical":"https:\/\/centrumogrodnicze-magnolia.pl\/en\/sklep\/byliny\/lyszczec-wiechowaty-festival-white-flare-gypsophila-paniculata-festival-white-flare\/","og_locale":"en_GB","og_type":"article","og_title":"\u0141yszczec wiechowaty \"Festival White Flare\u201d - Gypsophila paniculata \u201eFestival White Flare\u201d - Centrum Ogrodniczne Magnolia","og_description":"Stanowisko: S\u0142oneczne  Kwitnienie: czerwiec - sierpie\u0144","og_url":"https:\/\/centrumogrodnicze-magnolia.pl\/en\/sklep\/byliny\/lyszczec-wiechowaty-festival-white-flare-gypsophila-paniculata-festival-white-flare\/","og_site_name":"Centrum Ogrodniczne Magnolia","article_modified_time":"2026-04-13T11:21:10+00:00","og_image":[{"width":2560,"height":2560,"url":"https:\/\/centrumogrodnicze-magnolia.pl\/wp-content\/uploads\/2026\/04\/festival-white-flare_gypsophila-paniculata_77421_1-scaled.jpg","type":"image\/jpeg"}],"twitter_card":"summary_large_image","twitter_misc":{"Estimated reading time":"1 minute"},"schema":{"@context":"https:\/\/schema.org","@graph":[{"@type":"WebPage","@id":"https:\/\/centrumogrodnicze-magnolia.pl\/sklep\/byliny\/lyszczec-wiechowaty-festival-white-flare-gypsophila-paniculata-festival-white-flare\/","url":"https:\/\/centrumogrodnicze-magnolia.pl\/sklep\/byliny\/lyszczec-wiechowaty-festival-white-flare-gypsophila-paniculata-festival-white-flare\/","name":"\u0141yszczec wiechowaty \"Festival White Flare\u201d - Gypsophila paniculata \u201eFestival White Flare\u201d - Centrum Ogrodniczne Magnolia","isPartOf":{"@id":"https:\/\/centrumogrodnicze-magnolia.pl\/#website"},"primaryImageOfPage":{"@id":"https:\/\/centrumogrodnicze-magnolia.pl\/sklep\/byliny\/lyszczec-wiechowaty-festival-white-flare-gypsophila-paniculata-festival-white-flare\/#primaryimage"},"image":{"@id":"https:\/\/centrumogrodnicze-magnolia.pl\/sklep\/byliny\/lyszczec-wiechowaty-festival-white-flare-gypsophila-paniculata-festival-white-flare\/#primaryimage"},"thumbnailUrl":"https:\/\/centrumogrodnicze-magnolia.pl\/wp-content\/uploads\/2026\/04\/festival-white-flare_gypsophila-paniculata_77421_1-scaled.jpg","datePublished":"2026-04-13T11:19:58+00:00","dateModified":"2026-04-13T11:21:10+00:00","breadcrumb":{"@id":"https:\/\/centrumogrodnicze-magnolia.pl\/sklep\/byliny\/lyszczec-wiechowaty-festival-white-flare-gypsophila-paniculata-festival-white-flare\/#breadcrumb"},"inLanguage":"en-GB","potentialAction":[{"@type":"ReadAction","target":["https:\/\/centrumogrodnicze-magnolia.pl\/sklep\/byliny\/lyszczec-wiechowaty-festival-white-flare-gypsophila-paniculata-festival-white-flare\/"]}]},{"@type":"ImageObject","inLanguage":"en-GB","@id":"https:\/\/centrumogrodnicze-magnolia.pl\/sklep\/byliny\/lyszczec-wiechowaty-festival-white-flare-gypsophila-paniculata-festival-white-flare\/#primaryimage","url":"https:\/\/centrumogrodnicze-magnolia.pl\/wp-content\/uploads\/2026\/04\/festival-white-flare_gypsophila-paniculata_77421_1-scaled.jpg","contentUrl":"https:\/\/centrumogrodnicze-magnolia.pl\/wp-content\/uploads\/2026\/04\/festival-white-flare_gypsophila-paniculata_77421_1-scaled.jpg","width":2560,"height":2560},{"@type":"BreadcrumbList","@id":"https:\/\/centrumogrodnicze-magnolia.pl\/sklep\/byliny\/lyszczec-wiechowaty-festival-white-flare-gypsophila-paniculata-festival-white-flare\/#breadcrumb","itemListElement":[{"@type":"ListItem","position":1,"name":"Home","item":"https:\/\/centrumogrodnicze-magnolia.pl\/"},{"@type":"ListItem","position":2,"name":"Sklep","item":"https:\/\/centrumogrodnicze-magnolia.pl\/sklep\/"},{"@type":"ListItem","position":3,"name":"\u0141yszczec wiechowaty &#8222;Festival White Flare\u201d &#8211; Gypsophila paniculata \u201eFestival White Flare\u201d"}]},{"@type":"WebSite","@id":"https:\/\/centrumogrodnicze-magnolia.pl\/#website","url":"https:\/\/centrumogrodnicze-magnolia.pl\/","name":"Centrum Ogrodniczne Magnolia","description":"","publisher":{"@id":"https:\/\/centrumogrodnicze-magnolia.pl\/#organization"},"potentialAction":[{"@type":"SearchAction","target":{"@type":"EntryPoint","urlTemplate":"https:\/\/centrumogrodnicze-magnolia.pl\/?s={search_term_string}"},"query-input":{"@type":"PropertyValueSpecification","valueRequired":true,"valueName":"search_term_string"}}],"inLanguage":"en-GB"},{"@type":"Organization","@id":"https:\/\/centrumogrodnicze-magnolia.pl\/#organization","name":"Centrum Ogrodniczne Magnolia","url":"https:\/\/centrumogrodnicze-magnolia.pl\/","logo":{"@type":"ImageObject","inLanguage":"en-GB","@id":"https:\/\/centrumogrodnicze-magnolia.pl\/#\/schema\/logo\/image\/","url":"https:\/\/centrumogrodnicze-magnolia.pl\/wp-content\/uploads\/2026\/02\/Projekt-bez-nazwy-36.png","contentUrl":"https:\/\/centrumogrodnicze-magnolia.pl\/wp-content\/uploads\/2026\/02\/Projekt-bez-nazwy-36.png","width":1600,"height":362,"caption":"Centrum Ogrodniczne Magnolia"},"image":{"@id":"https:\/\/centrumogrodnicze-magnolia.pl\/#\/schema\/logo\/image\/"}}]}},"_links":{"self":[{"href":"https:\/\/centrumogrodnicze-magnolia.pl\/en\/wp-json\/wp\/v2\/product\/30650","targetHints":{"allow":["GET"]}}],"collection":[{"href":"https:\/\/centrumogrodnicze-magnolia.pl\/en\/wp-json\/wp\/v2\/product"}],"about":[{"href":"https:\/\/centrumogrodnicze-magnolia.pl\/en\/wp-json\/wp\/v2\/types\/product"}],"version-history":[{"count":1,"href":"https:\/\/centrumogrodnicze-magnolia.pl\/en\/wp-json\/wp\/v2\/product\/30650\/revisions"}],"predecessor-version":[{"id":30652,"href":"https:\/\/centrumogrodnicze-magnolia.pl\/en\/wp-json\/wp\/v2\/product\/30650\/revisions\/30652"}],"wp:featuredmedia":[{"embeddable":true,"href":"https:\/\/centrumogrodnicze-magnolia.pl\/en\/wp-json\/wp\/v2\/media\/30651"}],"wp:attachment":[{"href":"https:\/\/centrumogrodnicze-magnolia.pl\/en\/wp-json\/wp\/v2\/media?parent=30650"}],"wp:term":[{"taxonomy":"product_brand","embeddable":true,"href":"https:\/\/centrumogrodnicze-magnolia.pl\/en\/wp-json\/wp\/v2\/product_brand?post=30650"},{"taxonomy":"product_cat","embeddable":true,"href":"https:\/\/centrumogrodnicze-magnolia.pl\/en\/wp-json\/wp\/v2\/product_cat?post=30650"},{"taxonomy":"product_tag","embeddable":true,"href":"https:\/\/centrumogrodnicze-magnolia.pl\/en\/wp-json\/wp\/v2\/product_tag?post=30650"}],"curies":[{"name":"wp","href":"https:\/\/api.w.org\/{rel}","templated":true}]}}