{"id":30595,"date":"2026-04-13T11:08:43","date_gmt":"2026-04-13T09:08:43","guid":{"rendered":"https:\/\/centrumogrodnicze-magnolia.pl\/?post_type=product&#038;p=30595"},"modified":"2026-04-13T11:08:43","modified_gmt":"2026-04-13T09:08:43","slug":"gaura-lindheimera-cherry-brandy-gaura-lindheimeri-cherry-brandy","status":"publish","type":"product","link":"https:\/\/centrumogrodnicze-magnolia.pl\/en\/sklep\/byliny\/gaura-lindheimera-cherry-brandy-gaura-lindheimeri-cherry-brandy\/","title":{"rendered":"Gaura Lindheimera \u201eCherry Brandy\u201d &#8211; Gaura lindheimeri \u201eCherry Brandy\u201d"},"content":{"rendered":"<div id=\"menu_153\" class=\"center_menu menumodule col3\">\n<div id=\"module_63\" class=\"module col3\">\n<div class=\"module_body\">\n<div id=\"product\" class=\"product\">\n<div id=\"product_description\" class=\"product_description\">\n<div class=\"product_description_item site\">\n<div id=\"menu_153\" class=\"center_menu menumodule col3\">\n<div id=\"module_63\" class=\"module col3\">\n<div class=\"module_body\">\n<div id=\"product\" class=\"product\">\n<div id=\"product_description\" class=\"product_description\">\n<div class=\"product_description_item site\">\n<div id=\"menu_153\" class=\"center_menu menumodule col3\">\n<div id=\"module_63\" class=\"module col3\">\n<div class=\"module_body\">\n<div id=\"product\" class=\"product\">\n<div id=\"product_description\" class=\"product_description\">\n<div class=\"product_description_item site\">\n<div id=\"menu_153\" class=\"center_menu menumodule col3\">\n<div id=\"module_63\" class=\"module col3\">\n<div class=\"module_body\">\n<div id=\"product\" class=\"product\">\n<div id=\"product_description\" class=\"product_description\">\n<div class=\"product_description_item site\">\n<div id=\"menu_153\" class=\"center_menu menumodule col3\">\n<div id=\"module_63\" class=\"module col3\">\n<div class=\"module_body\">\n<div id=\"product\" class=\"product\">\n<div id=\"product_description\" class=\"product_description\">\n<div class=\"product_description_item site\">\n<div id=\"menu_153\" class=\"center_menu menumodule col3\">\n<div id=\"module_63\" class=\"module col3\">\n<div class=\"module_body\">\n<div id=\"product\" class=\"product\">\n<div id=\"product_description\" class=\"product_description\">\n<div class=\"product_description_item site\">\n<div id=\"menu_153\" class=\"center_menu menumodule col3\">\n<div id=\"module_63\" class=\"module col3\">\n<div class=\"module_body\">\n<div id=\"product\" class=\"product\">\n<div id=\"product_description\" class=\"product_description\">\n<div class=\"product_description_item site\">\n<div id=\"menu_153\" class=\"center_menu menumodule col3\">\n<div id=\"module_63\" class=\"module col3\">\n<div class=\"module_body\">\n<div id=\"product\" class=\"product\">\n<div id=\"product_description\" class=\"product_description\">\n<div class=\"product_description_item site\">\n<div id=\"menu_153\" class=\"center_menu menumodule col3\">\n<div id=\"module_63\" class=\"module col3\">\n<div class=\"module_body\">\n<div id=\"product\" class=\"product\">\n<div id=\"product_description\" class=\"product_description\">\n<div class=\"product_description_item site\">\n<div id=\"menu_153\" class=\"center_menu menumodule col3\">\n<div id=\"module_63\" class=\"module col3\">\n<div class=\"module_body\">\n<div id=\"product\" class=\"product\">\n<div id=\"product_description\" class=\"product_description\">\n<div class=\"product_description_item site\">\n<div id=\"menu_153\" class=\"center_menu menumodule col3\">\n<div id=\"module_63\" class=\"module col3\">\n<div class=\"module_body\">\n<div id=\"product\" class=\"product\">\n<div id=\"product_description\" class=\"product_description\">\n<div class=\"product_description_item site\">\n<div id=\"menu_153\" class=\"center_menu menumodule col3\">\n<div id=\"module_63\" class=\"module col3\">\n<div class=\"module_body\">\n<div id=\"product\" class=\"product\">\n<div id=\"product_description\" class=\"product_description\">\n<div class=\"product_description_item site\">\n<div id=\"menu_153\" class=\"center_menu menumodule col3\">\n<div id=\"module_63\" class=\"module col3\">\n<div class=\"module_body\">\n<div id=\"product\" class=\"product\">\n<div id=\"product_description\" class=\"product_description\">\n<div class=\"product_description_item site\">\n<div id=\"menu_153\" class=\"center_menu menumodule col3\">\n<div id=\"module_63\" class=\"module col3\">\n<div class=\"module_body\">\n<div id=\"product\" class=\"product\">\n<div id=\"product_description\" class=\"product_description\">\n<div class=\"product_description_item site\">\n<div id=\"menu_153\" class=\"center_menu menumodule col3\">\n<div id=\"module_63\" class=\"module col3\">\n<div class=\"module_body\">\n<div id=\"product\" class=\"product\">\n<div id=\"product_description\" class=\"product_description\">\n<div class=\"product_description_item site\">\n<p>&nbsp;<\/p>\n<p>\u0141atwa w uprawie bylina tworz\u0105ca k\u0119py p\u0119d\u00f3w z kwiatostanami w odcieniach bieli i r\u00f3\u017cu. Dorasta do 60cm wysoko\u015bci. Kwitnienie przypada od czerwca do pa\u017adziernika. Najlepiej ro\u015bnie na stanowisku s\u0142onecznym, z przepuszczaln\u0105 i umiarkowanie wilgotn\u0105 gleb\u0105. Odmiana wysoce odporna mrozy i susze.<\/p>\n<\/div>\n<\/div>\n<p>Zdj\u0119cia podgl\u0105dowe nie przedstawiaj\u0105ce obecnego wygl\u0105du i stanu ro\u015blin.<\/p>\n<\/div>\n<\/div>\n<\/div>\n<\/div>\n<\/div>\n<\/div>\n<\/div>\n<\/div>\n<\/div>\n<\/div>\n<\/div>\n<\/div>\n<\/div>\n<\/div>\n<\/div>\n<\/div>\n<\/div>\n<\/div>\n<\/div>\n<\/div>\n<\/div>\n<\/div>\n<\/div>\n<\/div>\n<\/div>\n<\/div>\n<\/div>\n<\/div>\n<\/div>\n<\/div>\n<\/div>\n<\/div>\n<\/div>\n<\/div>\n<\/div>\n<\/div>\n<\/div>\n<\/div>\n<\/div>\n<\/div>\n<\/div>\n<\/div>\n<\/div>\n<\/div>\n<\/div>\n<\/div>\n<\/div>\n<\/div>\n<\/div>\n<\/div>\n<\/div>\n<\/div>\n<\/div>\n<\/div>\n<\/div>\n<\/div>\n<\/div>\n<\/div>\n<\/div>\n<\/div>\n<\/div>\n<\/div>\n<\/div>\n<\/div>\n<\/div>\n<\/div>\n<\/div>\n<\/div>\n<\/div>\n<\/div>\n<\/div>\n<\/div>\n<\/div>\n<\/div>\n<\/div>\n<\/div>\n<\/div>\n<\/div>\n<\/div>\n<\/div>\n<\/div>\n<\/div>\n<\/div>\n<\/div>\n<\/div>\n<\/div>\n<\/div>\n<\/div>","protected":false},"excerpt":{"rendered":"<p><span style=\"color: #4b3918;\"><span style=\"font-family: Alegreya Sans, sans-serif;\"><span style=\"font-size: large;\">Stanowisko: S\u0142oneczne<\/span><\/span><\/span><\/p>\n<p><span style=\"color: #4b3918;\"><span style=\"font-family: Alegreya Sans, sans-serif;\"><span style=\"font-size: large;\">Kwitnienie: czerwiec<b> &#8211; pa\u017adziernik<\/b><\/span><\/span><\/span><\/p>","protected":false},"featured_media":30596,"template":"","meta":[],"product_brand":[],"product_cat":[122],"product_tag":[],"class_list":{"0":"post-30595","1":"product","2":"type-product","3":"status-publish","4":"has-post-thumbnail","6":"product_cat-byliny","7":"product_shipping_class-rosliny","9":"first","10":"instock","11":"taxable","12":"shipping-taxable","13":"purchasable","14":"product-type-simple"},"yoast_head":"<!-- This site is optimized with the Yoast SEO plugin v24.4 - https:\/\/yoast.com\/wordpress\/plugins\/seo\/ -->\n<title>Gaura Lindheimera \u201eCherry Brandy\u201d - Gaura lindheimeri \u201eCherry Brandy\u201d - Centrum Ogrodniczne Magnolia<\/title>\n<meta name=\"robots\" content=\"index, follow, max-snippet:-1, max-image-preview:large, max-video-preview:-1\" \/>\n<link rel=\"canonical\" href=\"https:\/\/centrumogrodnicze-magnolia.pl\/en\/sklep\/byliny\/gaura-lindheimera-cherry-brandy-gaura-lindheimeri-cherry-brandy\/\" \/>\n<meta property=\"og:locale\" content=\"en_GB\" \/>\n<meta property=\"og:type\" content=\"article\" \/>\n<meta property=\"og:title\" content=\"Gaura Lindheimera \u201eCherry Brandy\u201d - Gaura lindheimeri \u201eCherry Brandy\u201d - Centrum Ogrodniczne Magnolia\" \/>\n<meta property=\"og:description\" content=\"Stanowisko: S\u0142oneczne  Kwitnienie: czerwiec - pa\u017adziernik\" \/>\n<meta property=\"og:url\" content=\"https:\/\/centrumogrodnicze-magnolia.pl\/en\/sklep\/byliny\/gaura-lindheimera-cherry-brandy-gaura-lindheimeri-cherry-brandy\/\" \/>\n<meta property=\"og:site_name\" content=\"Centrum Ogrodniczne Magnolia\" \/>\n<meta property=\"og:image\" content=\"https:\/\/centrumogrodnicze-magnolia.pl\/wp-content\/uploads\/2026\/04\/cherry-brandy_gaura-lindheimeri_71350_1-scaled.jpg\" \/>\n\t<meta property=\"og:image:width\" content=\"1709\" \/>\n\t<meta property=\"og:image:height\" content=\"2560\" \/>\n\t<meta property=\"og:image:type\" content=\"image\/jpeg\" \/>\n<meta name=\"twitter:card\" content=\"summary_large_image\" \/>\n<meta name=\"twitter:label1\" content=\"Estimated reading time\" \/>\n\t<meta name=\"twitter:data1\" content=\"1 minute\" \/>\n<script type=\"application\/ld+json\" class=\"yoast-schema-graph\">{\"@context\":\"https:\/\/schema.org\",\"@graph\":[{\"@type\":\"WebPage\",\"@id\":\"https:\/\/centrumogrodnicze-magnolia.pl\/sklep\/byliny\/gaura-lindheimera-cherry-brandy-gaura-lindheimeri-cherry-brandy\/\",\"url\":\"https:\/\/centrumogrodnicze-magnolia.pl\/sklep\/byliny\/gaura-lindheimera-cherry-brandy-gaura-lindheimeri-cherry-brandy\/\",\"name\":\"Gaura Lindheimera \u201eCherry Brandy\u201d - Gaura lindheimeri \u201eCherry Brandy\u201d - Centrum Ogrodniczne Magnolia\",\"isPartOf\":{\"@id\":\"https:\/\/centrumogrodnicze-magnolia.pl\/#website\"},\"primaryImageOfPage\":{\"@id\":\"https:\/\/centrumogrodnicze-magnolia.pl\/sklep\/byliny\/gaura-lindheimera-cherry-brandy-gaura-lindheimeri-cherry-brandy\/#primaryimage\"},\"image\":{\"@id\":\"https:\/\/centrumogrodnicze-magnolia.pl\/sklep\/byliny\/gaura-lindheimera-cherry-brandy-gaura-lindheimeri-cherry-brandy\/#primaryimage\"},\"thumbnailUrl\":\"https:\/\/centrumogrodnicze-magnolia.pl\/wp-content\/uploads\/2026\/04\/cherry-brandy_gaura-lindheimeri_71350_1-scaled.jpg\",\"datePublished\":\"2026-04-13T09:08:43+00:00\",\"breadcrumb\":{\"@id\":\"https:\/\/centrumogrodnicze-magnolia.pl\/sklep\/byliny\/gaura-lindheimera-cherry-brandy-gaura-lindheimeri-cherry-brandy\/#breadcrumb\"},\"inLanguage\":\"en-GB\",\"potentialAction\":[{\"@type\":\"ReadAction\",\"target\":[\"https:\/\/centrumogrodnicze-magnolia.pl\/sklep\/byliny\/gaura-lindheimera-cherry-brandy-gaura-lindheimeri-cherry-brandy\/\"]}]},{\"@type\":\"ImageObject\",\"inLanguage\":\"en-GB\",\"@id\":\"https:\/\/centrumogrodnicze-magnolia.pl\/sklep\/byliny\/gaura-lindheimera-cherry-brandy-gaura-lindheimeri-cherry-brandy\/#primaryimage\",\"url\":\"https:\/\/centrumogrodnicze-magnolia.pl\/wp-content\/uploads\/2026\/04\/cherry-brandy_gaura-lindheimeri_71350_1-scaled.jpg\",\"contentUrl\":\"https:\/\/centrumogrodnicze-magnolia.pl\/wp-content\/uploads\/2026\/04\/cherry-brandy_gaura-lindheimeri_71350_1-scaled.jpg\",\"width\":1709,\"height\":2560},{\"@type\":\"BreadcrumbList\",\"@id\":\"https:\/\/centrumogrodnicze-magnolia.pl\/sklep\/byliny\/gaura-lindheimera-cherry-brandy-gaura-lindheimeri-cherry-brandy\/#breadcrumb\",\"itemListElement\":[{\"@type\":\"ListItem\",\"position\":1,\"name\":\"Home\",\"item\":\"https:\/\/centrumogrodnicze-magnolia.pl\/\"},{\"@type\":\"ListItem\",\"position\":2,\"name\":\"Sklep\",\"item\":\"https:\/\/centrumogrodnicze-magnolia.pl\/sklep\/\"},{\"@type\":\"ListItem\",\"position\":3,\"name\":\"Gaura Lindheimera \u201eCherry Brandy\u201d &#8211; Gaura lindheimeri \u201eCherry Brandy\u201d\"}]},{\"@type\":\"WebSite\",\"@id\":\"https:\/\/centrumogrodnicze-magnolia.pl\/#website\",\"url\":\"https:\/\/centrumogrodnicze-magnolia.pl\/\",\"name\":\"Centrum Ogrodniczne Magnolia\",\"description\":\"\",\"publisher\":{\"@id\":\"https:\/\/centrumogrodnicze-magnolia.pl\/#organization\"},\"potentialAction\":[{\"@type\":\"SearchAction\",\"target\":{\"@type\":\"EntryPoint\",\"urlTemplate\":\"https:\/\/centrumogrodnicze-magnolia.pl\/?s={search_term_string}\"},\"query-input\":{\"@type\":\"PropertyValueSpecification\",\"valueRequired\":true,\"valueName\":\"search_term_string\"}}],\"inLanguage\":\"en-GB\"},{\"@type\":\"Organization\",\"@id\":\"https:\/\/centrumogrodnicze-magnolia.pl\/#organization\",\"name\":\"Centrum Ogrodniczne Magnolia\",\"url\":\"https:\/\/centrumogrodnicze-magnolia.pl\/\",\"logo\":{\"@type\":\"ImageObject\",\"inLanguage\":\"en-GB\",\"@id\":\"https:\/\/centrumogrodnicze-magnolia.pl\/#\/schema\/logo\/image\/\",\"url\":\"https:\/\/centrumogrodnicze-magnolia.pl\/wp-content\/uploads\/2026\/02\/Projekt-bez-nazwy-36.png\",\"contentUrl\":\"https:\/\/centrumogrodnicze-magnolia.pl\/wp-content\/uploads\/2026\/02\/Projekt-bez-nazwy-36.png\",\"width\":1600,\"height\":362,\"caption\":\"Centrum Ogrodniczne Magnolia\"},\"image\":{\"@id\":\"https:\/\/centrumogrodnicze-magnolia.pl\/#\/schema\/logo\/image\/\"}}]}<\/script>\n<!-- \/ Yoast SEO plugin. -->","yoast_head_json":{"title":"Gaura Lindheimera \u201eCherry Brandy\u201d - Gaura lindheimeri \u201eCherry Brandy\u201d - Centrum Ogrodniczne Magnolia","robots":{"index":"index","follow":"follow","max-snippet":"max-snippet:-1","max-image-preview":"max-image-preview:large","max-video-preview":"max-video-preview:-1"},"canonical":"https:\/\/centrumogrodnicze-magnolia.pl\/en\/sklep\/byliny\/gaura-lindheimera-cherry-brandy-gaura-lindheimeri-cherry-brandy\/","og_locale":"en_GB","og_type":"article","og_title":"Gaura Lindheimera \u201eCherry Brandy\u201d - Gaura lindheimeri \u201eCherry Brandy\u201d - Centrum Ogrodniczne Magnolia","og_description":"Stanowisko: S\u0142oneczne  Kwitnienie: czerwiec - pa\u017adziernik","og_url":"https:\/\/centrumogrodnicze-magnolia.pl\/en\/sklep\/byliny\/gaura-lindheimera-cherry-brandy-gaura-lindheimeri-cherry-brandy\/","og_site_name":"Centrum Ogrodniczne Magnolia","og_image":[{"width":1709,"height":2560,"url":"https:\/\/centrumogrodnicze-magnolia.pl\/wp-content\/uploads\/2026\/04\/cherry-brandy_gaura-lindheimeri_71350_1-scaled.jpg","type":"image\/jpeg"}],"twitter_card":"summary_large_image","twitter_misc":{"Estimated reading time":"1 minute"},"schema":{"@context":"https:\/\/schema.org","@graph":[{"@type":"WebPage","@id":"https:\/\/centrumogrodnicze-magnolia.pl\/sklep\/byliny\/gaura-lindheimera-cherry-brandy-gaura-lindheimeri-cherry-brandy\/","url":"https:\/\/centrumogrodnicze-magnolia.pl\/sklep\/byliny\/gaura-lindheimera-cherry-brandy-gaura-lindheimeri-cherry-brandy\/","name":"Gaura Lindheimera \u201eCherry Brandy\u201d - Gaura lindheimeri \u201eCherry Brandy\u201d - Centrum Ogrodniczne Magnolia","isPartOf":{"@id":"https:\/\/centrumogrodnicze-magnolia.pl\/#website"},"primaryImageOfPage":{"@id":"https:\/\/centrumogrodnicze-magnolia.pl\/sklep\/byliny\/gaura-lindheimera-cherry-brandy-gaura-lindheimeri-cherry-brandy\/#primaryimage"},"image":{"@id":"https:\/\/centrumogrodnicze-magnolia.pl\/sklep\/byliny\/gaura-lindheimera-cherry-brandy-gaura-lindheimeri-cherry-brandy\/#primaryimage"},"thumbnailUrl":"https:\/\/centrumogrodnicze-magnolia.pl\/wp-content\/uploads\/2026\/04\/cherry-brandy_gaura-lindheimeri_71350_1-scaled.jpg","datePublished":"2026-04-13T09:08:43+00:00","breadcrumb":{"@id":"https:\/\/centrumogrodnicze-magnolia.pl\/sklep\/byliny\/gaura-lindheimera-cherry-brandy-gaura-lindheimeri-cherry-brandy\/#breadcrumb"},"inLanguage":"en-GB","potentialAction":[{"@type":"ReadAction","target":["https:\/\/centrumogrodnicze-magnolia.pl\/sklep\/byliny\/gaura-lindheimera-cherry-brandy-gaura-lindheimeri-cherry-brandy\/"]}]},{"@type":"ImageObject","inLanguage":"en-GB","@id":"https:\/\/centrumogrodnicze-magnolia.pl\/sklep\/byliny\/gaura-lindheimera-cherry-brandy-gaura-lindheimeri-cherry-brandy\/#primaryimage","url":"https:\/\/centrumogrodnicze-magnolia.pl\/wp-content\/uploads\/2026\/04\/cherry-brandy_gaura-lindheimeri_71350_1-scaled.jpg","contentUrl":"https:\/\/centrumogrodnicze-magnolia.pl\/wp-content\/uploads\/2026\/04\/cherry-brandy_gaura-lindheimeri_71350_1-scaled.jpg","width":1709,"height":2560},{"@type":"BreadcrumbList","@id":"https:\/\/centrumogrodnicze-magnolia.pl\/sklep\/byliny\/gaura-lindheimera-cherry-brandy-gaura-lindheimeri-cherry-brandy\/#breadcrumb","itemListElement":[{"@type":"ListItem","position":1,"name":"Home","item":"https:\/\/centrumogrodnicze-magnolia.pl\/"},{"@type":"ListItem","position":2,"name":"Sklep","item":"https:\/\/centrumogrodnicze-magnolia.pl\/sklep\/"},{"@type":"ListItem","position":3,"name":"Gaura Lindheimera \u201eCherry Brandy\u201d &#8211; Gaura lindheimeri \u201eCherry Brandy\u201d"}]},{"@type":"WebSite","@id":"https:\/\/centrumogrodnicze-magnolia.pl\/#website","url":"https:\/\/centrumogrodnicze-magnolia.pl\/","name":"Centrum Ogrodniczne Magnolia","description":"","publisher":{"@id":"https:\/\/centrumogrodnicze-magnolia.pl\/#organization"},"potentialAction":[{"@type":"SearchAction","target":{"@type":"EntryPoint","urlTemplate":"https:\/\/centrumogrodnicze-magnolia.pl\/?s={search_term_string}"},"query-input":{"@type":"PropertyValueSpecification","valueRequired":true,"valueName":"search_term_string"}}],"inLanguage":"en-GB"},{"@type":"Organization","@id":"https:\/\/centrumogrodnicze-magnolia.pl\/#organization","name":"Centrum Ogrodniczne Magnolia","url":"https:\/\/centrumogrodnicze-magnolia.pl\/","logo":{"@type":"ImageObject","inLanguage":"en-GB","@id":"https:\/\/centrumogrodnicze-magnolia.pl\/#\/schema\/logo\/image\/","url":"https:\/\/centrumogrodnicze-magnolia.pl\/wp-content\/uploads\/2026\/02\/Projekt-bez-nazwy-36.png","contentUrl":"https:\/\/centrumogrodnicze-magnolia.pl\/wp-content\/uploads\/2026\/02\/Projekt-bez-nazwy-36.png","width":1600,"height":362,"caption":"Centrum Ogrodniczne Magnolia"},"image":{"@id":"https:\/\/centrumogrodnicze-magnolia.pl\/#\/schema\/logo\/image\/"}}]}},"_links":{"self":[{"href":"https:\/\/centrumogrodnicze-magnolia.pl\/en\/wp-json\/wp\/v2\/product\/30595","targetHints":{"allow":["GET"]}}],"collection":[{"href":"https:\/\/centrumogrodnicze-magnolia.pl\/en\/wp-json\/wp\/v2\/product"}],"about":[{"href":"https:\/\/centrumogrodnicze-magnolia.pl\/en\/wp-json\/wp\/v2\/types\/product"}],"version-history":[{"count":1,"href":"https:\/\/centrumogrodnicze-magnolia.pl\/en\/wp-json\/wp\/v2\/product\/30595\/revisions"}],"predecessor-version":[{"id":30599,"href":"https:\/\/centrumogrodnicze-magnolia.pl\/en\/wp-json\/wp\/v2\/product\/30595\/revisions\/30599"}],"wp:featuredmedia":[{"embeddable":true,"href":"https:\/\/centrumogrodnicze-magnolia.pl\/en\/wp-json\/wp\/v2\/media\/30596"}],"wp:attachment":[{"href":"https:\/\/centrumogrodnicze-magnolia.pl\/en\/wp-json\/wp\/v2\/media?parent=30595"}],"wp:term":[{"taxonomy":"product_brand","embeddable":true,"href":"https:\/\/centrumogrodnicze-magnolia.pl\/en\/wp-json\/wp\/v2\/product_brand?post=30595"},{"taxonomy":"product_cat","embeddable":true,"href":"https:\/\/centrumogrodnicze-magnolia.pl\/en\/wp-json\/wp\/v2\/product_cat?post=30595"},{"taxonomy":"product_tag","embeddable":true,"href":"https:\/\/centrumogrodnicze-magnolia.pl\/en\/wp-json\/wp\/v2\/product_tag?post=30595"}],"curies":[{"name":"wp","href":"https:\/\/api.w.org\/{rel}","templated":true}]}}