{"id":30305,"date":"2026-03-30T13:22:57","date_gmt":"2026-03-30T11:22:57","guid":{"rendered":"https:\/\/centrumogrodnicze-magnolia.pl\/?post_type=product&#038;p=30305"},"modified":"2026-03-30T13:26:58","modified_gmt":"2026-03-30T11:26:58","slug":"zawieszko-broszka-z-labradorytem-2","status":"publish","type":"product","link":"https:\/\/centrumogrodnicze-magnolia.pl\/en\/sklep\/bizuteria\/wisiorki\/zawieszko-broszka-z-labradorytem-2\/","title":{"rendered":"Zawieszko-broszka z labradorytem"},"content":{"rendered":"<div id=\"menu_153\" class=\"center_menu menumodule col3\">\n<div id=\"module_63\" class=\"module col3\">\n<div class=\"module_body\">\n<div id=\"product\" class=\"product\">\n<div id=\"product_description\" class=\"product_description\">\n<div class=\"product_description_item site\">\n<div id=\"menu_153\" class=\"center_menu menumodule col3\">\n<div id=\"module_63\" class=\"module col3\">\n<div class=\"module_body\">\n<div id=\"product\" class=\"product\">\n<div id=\"product_description\" class=\"product_description\">\n<div class=\"product_description_item site\">\n<div id=\"menu_153\" class=\"center_menu menumodule col3\">\n<div id=\"module_63\" class=\"module col3\">\n<div class=\"module_body\">\n<div id=\"product\" class=\"product\">\n<div id=\"product_description\" class=\"product_description\">\n<div class=\"product_description_item site\">\n<div id=\"menu_153\" class=\"center_menu menumodule col3\">\n<div id=\"module_63\" class=\"module col3\">\n<div class=\"module_body\">\n<div id=\"product\" class=\"product\">\n<div id=\"product_description\" class=\"product_description\">\n<div class=\"product_description_item site\">\n<div id=\"menu_153\" class=\"center_menu menumodule col3\">\n<div id=\"module_63\" class=\"module col3\">\n<div class=\"module_body\">\n<div id=\"product\" class=\"product\">\n<div id=\"product_description\" class=\"product_description\">\n<div class=\"product_description_item site\">\n<div id=\"menu_153\" class=\"center_menu menumodule col3\">\n<div id=\"module_63\" class=\"module col3\">\n<div class=\"module_body\">\n<div id=\"product\" class=\"product\">\n<div id=\"product_description\" class=\"product_description\">\n<div class=\"product_description_item site\">\n<div id=\"menu_153\" class=\"center_menu menumodule col3\">\n<div id=\"module_63\" class=\"module col3\">\n<div class=\"module_body\">\n<div id=\"product\" class=\"product\">\n<div id=\"product_description\" class=\"product_description\">\n<div class=\"product_description_item site\">\n<div id=\"menu_153\" class=\"center_menu menumodule col3\">\n<div id=\"module_63\" class=\"module col3\">\n<div class=\"module_body\">\n<div id=\"product\" class=\"product\">\n<div id=\"product_description\" class=\"product_description\">\n<div class=\"product_description_item site\">\n<div id=\"menu_153\" class=\"center_menu menumodule col3\">\n<div id=\"module_63\" class=\"module col3\">\n<div class=\"module_body\">\n<div id=\"product\" class=\"product\">\n<div id=\"product_description\" class=\"product_description\">\n<div class=\"product_description_item site\">\n<p>Klasyczna broszka z labradorytem oprawiona w srebro pr\u00f3by 925. Broszk\u0119 mo\u017cna u\u017cywa\u0107 r\u00f3wnie\u017c jako zawieszk\u0119. Na odwrocie znajduje si\u0119 oczko przez kt\u00f3re mo\u017cna prze\u0142o\u017cy\u0107 \u0142a\u0144cuszek. Labradoryt to niezwyk\u0142y kamie\u0144 posiadaj\u0105cy pi\u0119kne odcienie barw, dzi\u0119ki kt\u00f3rym ma pi\u0119kny po\u0142ysk.<\/p>\n<\/div>\n<\/div>\n<\/div>\n<\/div>\n<\/div>\n<\/div>\n<\/div>\n<\/div>\n<\/div>\n<\/div>\n<\/div>\n<\/div>\n<\/div>\n<\/div>\n<\/div>\n<\/div>\n<\/div>\n<\/div>\n<\/div>\n<\/div>\n<\/div>\n<\/div>\n<\/div>\n<\/div>\n<\/div>\n<\/div>\n<\/div>\n<\/div>\n<\/div>\n<\/div>\n<\/div>\n<\/div>\n<\/div>\n<\/div>\n<\/div>\n<\/div>\n<\/div>\n<\/div>\n<\/div>\n<\/div>\n<\/div>\n<\/div>\n<\/div>\n<\/div>\n<\/div>\n<\/div>\n<\/div>\n<\/div>\n<\/div>\n<\/div>\n<\/div>\n<\/div>\n<\/div>\n<\/div>","protected":false},"excerpt":{"rendered":"<ul class=\"product_properties\">\n<li class=\"symbol\">Numer katalogowy:\u00a0<b>13616<\/b><\/li>\n<li><span class=\"redp\">metal warto\u015b\u0107 pr\u00f3by<\/span>:\u00a0<b>srebro 925<\/b><\/li>\n<li><span class=\"redp\">d\u0142ugo\u015b\u0107 wraz zawieszeniem cm<\/span>:\u00a0<b>4,8<\/b><\/li>\n<li><span class=\"redp\">szeroko\u015b\u0107 obr\u0105czki w najszerszym miejscu w cm\u00a0<\/span>:\u00a0<b>3,2<\/b><\/li>\n<li><span class=\"redp\">wielko\u015b\u0107 kamienia\/ oczka w cm<\/span>:\u00a0<b>3,1 x 2,9<\/b><\/li>\n<li><span class=\"redp\">kamie\u0144<\/span>:\u00a0<b>labradoryt<\/b><\/li>\n<li><span class=\"redp\">waga<\/span>:\u00a0<b>15,6g<\/b><\/li>\n<li><span class=\"redp\">kolor<\/span>:\u00a0<b>szary-mieni\u0105cy si\u0119 r\u00f3\u017cnymi barwami<\/b><\/li>\n<\/ul>","protected":false},"featured_media":30306,"template":"","meta":[],"product_brand":[],"product_cat":[91],"product_tag":[],"class_list":{"0":"post-30305","1":"product","2":"type-product","3":"status-publish","4":"has-post-thumbnail","6":"product_cat-wisiorki","8":"first","9":"instock","10":"taxable","11":"shipping-taxable","12":"purchasable","13":"product-type-simple"},"yoast_head":"<!-- This site is optimized with the Yoast SEO plugin v24.4 - https:\/\/yoast.com\/wordpress\/plugins\/seo\/ -->\n<title>Zawieszko-broszka z labradorytem - Centrum Ogrodniczne Magnolia<\/title>\n<meta name=\"robots\" content=\"index, follow, max-snippet:-1, max-image-preview:large, max-video-preview:-1\" \/>\n<link rel=\"canonical\" href=\"https:\/\/centrumogrodnicze-magnolia.pl\/en\/sklep\/bizuteria\/wisiorki\/zawieszko-broszka-z-labradorytem-2\/\" \/>\n<meta property=\"og:locale\" content=\"en_GB\" \/>\n<meta property=\"og:type\" content=\"article\" \/>\n<meta property=\"og:title\" content=\"Zawieszko-broszka z labradorytem - Centrum Ogrodniczne Magnolia\" \/>\n<meta property=\"og:description\" content=\"Numer katalogowy:\u00a013616  metal warto\u015b\u0107 pr\u00f3by:\u00a0srebro 925  d\u0142ugo\u015b\u0107 wraz zawieszeniem cm:\u00a04,8  szeroko\u015b\u0107 obr\u0105czki w najszerszym miejscu w cm\u00a0:\u00a03,2  wielko\u015b\u0107 kamienia\/ oczka w cm:\u00a03,1 x 2,9  kamie\u0144:\u00a0labradoryt  waga:\u00a015,6g  kolor:\u00a0szary-mieni\u0105cy si\u0119 r\u00f3\u017cnymi barwami\" \/>\n<meta property=\"og:url\" content=\"https:\/\/centrumogrodnicze-magnolia.pl\/en\/sklep\/bizuteria\/wisiorki\/zawieszko-broszka-z-labradorytem-2\/\" \/>\n<meta property=\"og:site_name\" content=\"Centrum Ogrodniczne Magnolia\" \/>\n<meta property=\"article:modified_time\" content=\"2026-03-30T11:26:58+00:00\" \/>\n<meta property=\"og:image\" content=\"https:\/\/centrumogrodnicze-magnolia.pl\/wp-content\/uploads\/2026\/03\/Screenshot-2026-03-30-at-13.24.01-620x800.png\" \/>\n\t<meta property=\"og:image:width\" content=\"620\" \/>\n\t<meta property=\"og:image:height\" content=\"800\" \/>\n\t<meta property=\"og:image:type\" content=\"image\/png\" \/>\n<meta name=\"twitter:card\" content=\"summary_large_image\" \/>\n<meta name=\"twitter:label1\" content=\"Estimated reading time\" \/>\n\t<meta name=\"twitter:data1\" content=\"1 minute\" \/>\n<script type=\"application\/ld+json\" class=\"yoast-schema-graph\">{\"@context\":\"https:\/\/schema.org\",\"@graph\":[{\"@type\":\"WebPage\",\"@id\":\"https:\/\/centrumogrodnicze-magnolia.pl\/sklep\/bizuteria\/wisiorki\/zawieszko-broszka-z-labradorytem-2\/\",\"url\":\"https:\/\/centrumogrodnicze-magnolia.pl\/sklep\/bizuteria\/wisiorki\/zawieszko-broszka-z-labradorytem-2\/\",\"name\":\"Zawieszko-broszka z labradorytem - Centrum Ogrodniczne Magnolia\",\"isPartOf\":{\"@id\":\"https:\/\/centrumogrodnicze-magnolia.pl\/#website\"},\"primaryImageOfPage\":{\"@id\":\"https:\/\/centrumogrodnicze-magnolia.pl\/sklep\/bizuteria\/wisiorki\/zawieszko-broszka-z-labradorytem-2\/#primaryimage\"},\"image\":{\"@id\":\"https:\/\/centrumogrodnicze-magnolia.pl\/sklep\/bizuteria\/wisiorki\/zawieszko-broszka-z-labradorytem-2\/#primaryimage\"},\"thumbnailUrl\":\"https:\/\/centrumogrodnicze-magnolia.pl\/wp-content\/uploads\/2026\/03\/Screenshot-2026-03-30-at-13.24.01.png\",\"datePublished\":\"2026-03-30T11:22:57+00:00\",\"dateModified\":\"2026-03-30T11:26:58+00:00\",\"breadcrumb\":{\"@id\":\"https:\/\/centrumogrodnicze-magnolia.pl\/sklep\/bizuteria\/wisiorki\/zawieszko-broszka-z-labradorytem-2\/#breadcrumb\"},\"inLanguage\":\"en-GB\",\"potentialAction\":[{\"@type\":\"ReadAction\",\"target\":[\"https:\/\/centrumogrodnicze-magnolia.pl\/sklep\/bizuteria\/wisiorki\/zawieszko-broszka-z-labradorytem-2\/\"]}]},{\"@type\":\"ImageObject\",\"inLanguage\":\"en-GB\",\"@id\":\"https:\/\/centrumogrodnicze-magnolia.pl\/sklep\/bizuteria\/wisiorki\/zawieszko-broszka-z-labradorytem-2\/#primaryimage\",\"url\":\"https:\/\/centrumogrodnicze-magnolia.pl\/wp-content\/uploads\/2026\/03\/Screenshot-2026-03-30-at-13.24.01.png\",\"contentUrl\":\"https:\/\/centrumogrodnicze-magnolia.pl\/wp-content\/uploads\/2026\/03\/Screenshot-2026-03-30-at-13.24.01.png\",\"width\":1092,\"height\":1410},{\"@type\":\"BreadcrumbList\",\"@id\":\"https:\/\/centrumogrodnicze-magnolia.pl\/sklep\/bizuteria\/wisiorki\/zawieszko-broszka-z-labradorytem-2\/#breadcrumb\",\"itemListElement\":[{\"@type\":\"ListItem\",\"position\":1,\"name\":\"Home\",\"item\":\"https:\/\/centrumogrodnicze-magnolia.pl\/\"},{\"@type\":\"ListItem\",\"position\":2,\"name\":\"Sklep\",\"item\":\"https:\/\/centrumogrodnicze-magnolia.pl\/sklep\/\"},{\"@type\":\"ListItem\",\"position\":3,\"name\":\"Zawieszko-broszka z labradorytem\"}]},{\"@type\":\"WebSite\",\"@id\":\"https:\/\/centrumogrodnicze-magnolia.pl\/#website\",\"url\":\"https:\/\/centrumogrodnicze-magnolia.pl\/\",\"name\":\"Centrum Ogrodniczne Magnolia\",\"description\":\"\",\"publisher\":{\"@id\":\"https:\/\/centrumogrodnicze-magnolia.pl\/#organization\"},\"potentialAction\":[{\"@type\":\"SearchAction\",\"target\":{\"@type\":\"EntryPoint\",\"urlTemplate\":\"https:\/\/centrumogrodnicze-magnolia.pl\/?s={search_term_string}\"},\"query-input\":{\"@type\":\"PropertyValueSpecification\",\"valueRequired\":true,\"valueName\":\"search_term_string\"}}],\"inLanguage\":\"en-GB\"},{\"@type\":\"Organization\",\"@id\":\"https:\/\/centrumogrodnicze-magnolia.pl\/#organization\",\"name\":\"Centrum Ogrodniczne Magnolia\",\"url\":\"https:\/\/centrumogrodnicze-magnolia.pl\/\",\"logo\":{\"@type\":\"ImageObject\",\"inLanguage\":\"en-GB\",\"@id\":\"https:\/\/centrumogrodnicze-magnolia.pl\/#\/schema\/logo\/image\/\",\"url\":\"https:\/\/centrumogrodnicze-magnolia.pl\/wp-content\/uploads\/2026\/02\/Projekt-bez-nazwy-36.png\",\"contentUrl\":\"https:\/\/centrumogrodnicze-magnolia.pl\/wp-content\/uploads\/2026\/02\/Projekt-bez-nazwy-36.png\",\"width\":1600,\"height\":362,\"caption\":\"Centrum Ogrodniczne Magnolia\"},\"image\":{\"@id\":\"https:\/\/centrumogrodnicze-magnolia.pl\/#\/schema\/logo\/image\/\"}}]}<\/script>\n<!-- \/ Yoast SEO plugin. -->","yoast_head_json":{"title":"Zawieszko-broszka z labradorytem - Centrum Ogrodniczne Magnolia","robots":{"index":"index","follow":"follow","max-snippet":"max-snippet:-1","max-image-preview":"max-image-preview:large","max-video-preview":"max-video-preview:-1"},"canonical":"https:\/\/centrumogrodnicze-magnolia.pl\/en\/sklep\/bizuteria\/wisiorki\/zawieszko-broszka-z-labradorytem-2\/","og_locale":"en_GB","og_type":"article","og_title":"Zawieszko-broszka z labradorytem - Centrum Ogrodniczne Magnolia","og_description":"Numer katalogowy:\u00a013616  metal warto\u015b\u0107 pr\u00f3by:\u00a0srebro 925  d\u0142ugo\u015b\u0107 wraz zawieszeniem cm:\u00a04,8  szeroko\u015b\u0107 obr\u0105czki w najszerszym miejscu w cm\u00a0:\u00a03,2  wielko\u015b\u0107 kamienia\/ oczka w cm:\u00a03,1 x 2,9  kamie\u0144:\u00a0labradoryt  waga:\u00a015,6g  kolor:\u00a0szary-mieni\u0105cy si\u0119 r\u00f3\u017cnymi barwami","og_url":"https:\/\/centrumogrodnicze-magnolia.pl\/en\/sklep\/bizuteria\/wisiorki\/zawieszko-broszka-z-labradorytem-2\/","og_site_name":"Centrum Ogrodniczne Magnolia","article_modified_time":"2026-03-30T11:26:58+00:00","og_image":[{"width":620,"height":800,"url":"https:\/\/centrumogrodnicze-magnolia.pl\/wp-content\/uploads\/2026\/03\/Screenshot-2026-03-30-at-13.24.01-620x800.png","type":"image\/png"}],"twitter_card":"summary_large_image","twitter_misc":{"Estimated reading time":"1 minute"},"schema":{"@context":"https:\/\/schema.org","@graph":[{"@type":"WebPage","@id":"https:\/\/centrumogrodnicze-magnolia.pl\/sklep\/bizuteria\/wisiorki\/zawieszko-broszka-z-labradorytem-2\/","url":"https:\/\/centrumogrodnicze-magnolia.pl\/sklep\/bizuteria\/wisiorki\/zawieszko-broszka-z-labradorytem-2\/","name":"Zawieszko-broszka z labradorytem - Centrum Ogrodniczne Magnolia","isPartOf":{"@id":"https:\/\/centrumogrodnicze-magnolia.pl\/#website"},"primaryImageOfPage":{"@id":"https:\/\/centrumogrodnicze-magnolia.pl\/sklep\/bizuteria\/wisiorki\/zawieszko-broszka-z-labradorytem-2\/#primaryimage"},"image":{"@id":"https:\/\/centrumogrodnicze-magnolia.pl\/sklep\/bizuteria\/wisiorki\/zawieszko-broszka-z-labradorytem-2\/#primaryimage"},"thumbnailUrl":"https:\/\/centrumogrodnicze-magnolia.pl\/wp-content\/uploads\/2026\/03\/Screenshot-2026-03-30-at-13.24.01.png","datePublished":"2026-03-30T11:22:57+00:00","dateModified":"2026-03-30T11:26:58+00:00","breadcrumb":{"@id":"https:\/\/centrumogrodnicze-magnolia.pl\/sklep\/bizuteria\/wisiorki\/zawieszko-broszka-z-labradorytem-2\/#breadcrumb"},"inLanguage":"en-GB","potentialAction":[{"@type":"ReadAction","target":["https:\/\/centrumogrodnicze-magnolia.pl\/sklep\/bizuteria\/wisiorki\/zawieszko-broszka-z-labradorytem-2\/"]}]},{"@type":"ImageObject","inLanguage":"en-GB","@id":"https:\/\/centrumogrodnicze-magnolia.pl\/sklep\/bizuteria\/wisiorki\/zawieszko-broszka-z-labradorytem-2\/#primaryimage","url":"https:\/\/centrumogrodnicze-magnolia.pl\/wp-content\/uploads\/2026\/03\/Screenshot-2026-03-30-at-13.24.01.png","contentUrl":"https:\/\/centrumogrodnicze-magnolia.pl\/wp-content\/uploads\/2026\/03\/Screenshot-2026-03-30-at-13.24.01.png","width":1092,"height":1410},{"@type":"BreadcrumbList","@id":"https:\/\/centrumogrodnicze-magnolia.pl\/sklep\/bizuteria\/wisiorki\/zawieszko-broszka-z-labradorytem-2\/#breadcrumb","itemListElement":[{"@type":"ListItem","position":1,"name":"Home","item":"https:\/\/centrumogrodnicze-magnolia.pl\/"},{"@type":"ListItem","position":2,"name":"Sklep","item":"https:\/\/centrumogrodnicze-magnolia.pl\/sklep\/"},{"@type":"ListItem","position":3,"name":"Zawieszko-broszka z labradorytem"}]},{"@type":"WebSite","@id":"https:\/\/centrumogrodnicze-magnolia.pl\/#website","url":"https:\/\/centrumogrodnicze-magnolia.pl\/","name":"Centrum Ogrodniczne Magnolia","description":"","publisher":{"@id":"https:\/\/centrumogrodnicze-magnolia.pl\/#organization"},"potentialAction":[{"@type":"SearchAction","target":{"@type":"EntryPoint","urlTemplate":"https:\/\/centrumogrodnicze-magnolia.pl\/?s={search_term_string}"},"query-input":{"@type":"PropertyValueSpecification","valueRequired":true,"valueName":"search_term_string"}}],"inLanguage":"en-GB"},{"@type":"Organization","@id":"https:\/\/centrumogrodnicze-magnolia.pl\/#organization","name":"Centrum Ogrodniczne Magnolia","url":"https:\/\/centrumogrodnicze-magnolia.pl\/","logo":{"@type":"ImageObject","inLanguage":"en-GB","@id":"https:\/\/centrumogrodnicze-magnolia.pl\/#\/schema\/logo\/image\/","url":"https:\/\/centrumogrodnicze-magnolia.pl\/wp-content\/uploads\/2026\/02\/Projekt-bez-nazwy-36.png","contentUrl":"https:\/\/centrumogrodnicze-magnolia.pl\/wp-content\/uploads\/2026\/02\/Projekt-bez-nazwy-36.png","width":1600,"height":362,"caption":"Centrum Ogrodniczne Magnolia"},"image":{"@id":"https:\/\/centrumogrodnicze-magnolia.pl\/#\/schema\/logo\/image\/"}}]}},"_links":{"self":[{"href":"https:\/\/centrumogrodnicze-magnolia.pl\/en\/wp-json\/wp\/v2\/product\/30305","targetHints":{"allow":["GET"]}}],"collection":[{"href":"https:\/\/centrumogrodnicze-magnolia.pl\/en\/wp-json\/wp\/v2\/product"}],"about":[{"href":"https:\/\/centrumogrodnicze-magnolia.pl\/en\/wp-json\/wp\/v2\/types\/product"}],"version-history":[{"count":1,"href":"https:\/\/centrumogrodnicze-magnolia.pl\/en\/wp-json\/wp\/v2\/product\/30305\/revisions"}],"predecessor-version":[{"id":30307,"href":"https:\/\/centrumogrodnicze-magnolia.pl\/en\/wp-json\/wp\/v2\/product\/30305\/revisions\/30307"}],"wp:featuredmedia":[{"embeddable":true,"href":"https:\/\/centrumogrodnicze-magnolia.pl\/en\/wp-json\/wp\/v2\/media\/30306"}],"wp:attachment":[{"href":"https:\/\/centrumogrodnicze-magnolia.pl\/en\/wp-json\/wp\/v2\/media?parent=30305"}],"wp:term":[{"taxonomy":"product_brand","embeddable":true,"href":"https:\/\/centrumogrodnicze-magnolia.pl\/en\/wp-json\/wp\/v2\/product_brand?post=30305"},{"taxonomy":"product_cat","embeddable":true,"href":"https:\/\/centrumogrodnicze-magnolia.pl\/en\/wp-json\/wp\/v2\/product_cat?post=30305"},{"taxonomy":"product_tag","embeddable":true,"href":"https:\/\/centrumogrodnicze-magnolia.pl\/en\/wp-json\/wp\/v2\/product_tag?post=30305"}],"curies":[{"name":"wp","href":"https:\/\/api.w.org\/{rel}","templated":true}]}}