{"id":30302,"date":"2026-03-30T13:18:21","date_gmt":"2026-03-30T11:18:21","guid":{"rendered":"https:\/\/centrumogrodnicze-magnolia.pl\/?post_type=product&#038;p=30302"},"modified":"2026-03-30T13:19:20","modified_gmt":"2026-03-30T11:19:20","slug":"owalny-wisior-z-labradorytem","status":"publish","type":"product","link":"https:\/\/centrumogrodnicze-magnolia.pl\/en\/sklep\/bizuteria\/wisiorki\/owalny-wisior-z-labradorytem\/","title":{"rendered":"Owalny wisior z labradorytem"},"content":{"rendered":"<div id=\"menu_153\" class=\"center_menu menumodule col3\">\n<div id=\"module_63\" class=\"module col3\">\n<div class=\"module_body\">\n<div id=\"product\" class=\"product\">\n<div id=\"product_description\" class=\"product_description\">\n<div class=\"product_description_item site\">\n<div id=\"menu_153\" class=\"center_menu menumodule col3\">\n<div id=\"module_63\" class=\"module col3\">\n<div class=\"module_body\">\n<div id=\"product\" class=\"product\">\n<div id=\"product_description\" class=\"product_description\">\n<div class=\"product_description_item site\">\n<div id=\"menu_153\" class=\"center_menu menumodule col3\">\n<div id=\"module_63\" class=\"module col3\">\n<div class=\"module_body\">\n<div id=\"product\" class=\"product\">\n<div id=\"product_description\" class=\"product_description\">\n<div class=\"product_description_item site\">\n<div id=\"menu_153\" class=\"center_menu menumodule col3\">\n<div id=\"module_63\" class=\"module col3\">\n<div class=\"module_body\">\n<div id=\"product\" class=\"product\">\n<div id=\"product_description\" class=\"product_description\">\n<div class=\"product_description_item site\">\n<div id=\"menu_153\" class=\"center_menu menumodule col3\">\n<div id=\"module_63\" class=\"module col3\">\n<div class=\"module_body\">\n<div id=\"product\" class=\"product\">\n<div id=\"product_description\" class=\"product_description\">\n<div class=\"product_description_item site\">\n<div id=\"menu_153\" class=\"center_menu menumodule col3\">\n<div id=\"module_63\" class=\"module col3\">\n<div class=\"module_body\">\n<div id=\"product\" class=\"product\">\n<div id=\"product_description\" class=\"product_description\">\n<div class=\"product_description_item site\">\n<div id=\"menu_153\" class=\"center_menu menumodule col3\">\n<div id=\"module_63\" class=\"module col3\">\n<div class=\"module_body\">\n<div id=\"product\" class=\"product\">\n<div id=\"product_description\" class=\"product_description\">\n<div class=\"product_description_item site\">\n<div id=\"menu_153\" class=\"center_menu menumodule col3\">\n<div id=\"module_63\" class=\"module col3\">\n<div class=\"module_body\">\n<div id=\"product\" class=\"product\">\n<div id=\"product_description\" class=\"product_description\">\n<div class=\"product_description_item site\">\n<p>Elegancki, owalny wisior z labradorytu. Oprawa srebrna pr\u00f3by 925. Labradoryt to pi\u0119kny kamie\u0144 mieni\u0105cy si\u0119 r\u00f3\u017cnymi odcieniami barw niebieskich, szarych, zielonych a tak\u017ce z\u0142ocistych i fioletowych. Dzi\u0119ki tym barw\u0105 ma pi\u0119kny po\u0142ysk. Jest to kamie\u0144 przynosz\u0105cy szcz\u0119\u015bcie.<\/p>\n<p>&nbsp;<\/p>\n<\/div>\n<\/div>\n<\/div>\n<\/div>\n<\/div>\n<\/div>\n<\/div>\n<\/div>\n<\/div>\n<\/div>\n<\/div>\n<\/div>\n<\/div>\n<\/div>\n<\/div>\n<\/div>\n<\/div>\n<\/div>\n<\/div>\n<\/div>\n<\/div>\n<\/div>\n<\/div>\n<\/div>\n<\/div>\n<\/div>\n<\/div>\n<\/div>\n<\/div>\n<\/div>\n<\/div>\n<\/div>\n<\/div>\n<\/div>\n<\/div>\n<\/div>\n<\/div>\n<\/div>\n<\/div>\n<\/div>\n<\/div>\n<\/div>\n<\/div>\n<\/div>\n<\/div>\n<\/div>\n<\/div>\n<\/div>","protected":false},"excerpt":{"rendered":"<ul class=\"product_properties\">\n<li class=\"symbol\">Numer katalogowy:\u00a0<b>14454<\/b><\/li>\n<li><span class=\"redp\">metal warto\u015b\u0107 pr\u00f3by<\/span>:\u00a0<b>srebro 925<\/b><\/li>\n<li><span class=\"redp\">d\u0142ugo\u015b\u0107 wraz zawieszeniem cm<\/span>:\u00a0<b>6,4<\/b><\/li>\n<li><span class=\"redp\">szeroko\u015b\u0107 obr\u0105czki w najszerszym miejscu w cm\u00a0<\/span>:\u00a0<b>3,6<\/b><\/li>\n<li><span class=\"redp\">wielko\u015b\u0107 kamienia\/ oczka w cm<\/span>:\u00a0<b>3,8 x 2,9<\/b><\/li>\n<li><span class=\"redp\">kamie\u0144<\/span>:\u00a0<b>labradoryt<\/b><\/li>\n<li><span class=\"redp\">waga<\/span>:\u00a0<b>19g<\/b>Dost\u0119pno\u015b\u0107:\u00a0<b>Dost\u0119pny od r\u0119k<\/b><\/li>\n<\/ul>","protected":false},"featured_media":30303,"template":"","meta":[],"product_brand":[],"product_cat":[91],"product_tag":[],"class_list":{"0":"post-30302","1":"product","2":"type-product","3":"status-publish","4":"has-post-thumbnail","6":"product_cat-wisiorki","8":"first","9":"instock","10":"taxable","11":"shipping-taxable","12":"purchasable","13":"product-type-simple"},"yoast_head":"<!-- This site is optimized with the Yoast SEO plugin v24.4 - https:\/\/yoast.com\/wordpress\/plugins\/seo\/ -->\n<title>Owalny wisior z labradorytem - Centrum Ogrodniczne Magnolia<\/title>\n<meta name=\"robots\" content=\"index, follow, max-snippet:-1, max-image-preview:large, max-video-preview:-1\" \/>\n<link rel=\"canonical\" href=\"https:\/\/centrumogrodnicze-magnolia.pl\/en\/sklep\/bizuteria\/wisiorki\/owalny-wisior-z-labradorytem\/\" \/>\n<meta property=\"og:locale\" content=\"en_GB\" \/>\n<meta property=\"og:type\" content=\"article\" \/>\n<meta property=\"og:title\" content=\"Owalny wisior z labradorytem - Centrum Ogrodniczne Magnolia\" \/>\n<meta property=\"og:description\" content=\"Numer katalogowy:\u00a014454  metal warto\u015b\u0107 pr\u00f3by:\u00a0srebro 925  d\u0142ugo\u015b\u0107 wraz zawieszeniem cm:\u00a06,4  szeroko\u015b\u0107 obr\u0105czki w najszerszym miejscu w cm\u00a0:\u00a03,6  wielko\u015b\u0107 kamienia\/ oczka w cm:\u00a03,8 x 2,9  kamie\u0144:\u00a0labradoryt  waga:\u00a019gDost\u0119pno\u015b\u0107:\u00a0Dost\u0119pny od r\u0119k\" \/>\n<meta property=\"og:url\" content=\"https:\/\/centrumogrodnicze-magnolia.pl\/en\/sklep\/bizuteria\/wisiorki\/owalny-wisior-z-labradorytem\/\" \/>\n<meta property=\"og:site_name\" content=\"Centrum Ogrodniczne Magnolia\" \/>\n<meta property=\"article:modified_time\" content=\"2026-03-30T11:19:20+00:00\" \/>\n<meta property=\"og:image\" content=\"https:\/\/centrumogrodnicze-magnolia.pl\/wp-content\/uploads\/2026\/03\/Screenshot-2026-03-30-at-13.19.07-649x800.png\" \/>\n\t<meta property=\"og:image:width\" content=\"649\" \/>\n\t<meta property=\"og:image:height\" content=\"800\" \/>\n\t<meta property=\"og:image:type\" content=\"image\/png\" \/>\n<meta name=\"twitter:card\" content=\"summary_large_image\" \/>\n<meta name=\"twitter:label1\" content=\"Estimated reading time\" \/>\n\t<meta name=\"twitter:data1\" content=\"1 minute\" \/>\n<script type=\"application\/ld+json\" class=\"yoast-schema-graph\">{\"@context\":\"https:\/\/schema.org\",\"@graph\":[{\"@type\":\"WebPage\",\"@id\":\"https:\/\/centrumogrodnicze-magnolia.pl\/sklep\/bizuteria\/wisiorki\/owalny-wisior-z-labradorytem\/\",\"url\":\"https:\/\/centrumogrodnicze-magnolia.pl\/sklep\/bizuteria\/wisiorki\/owalny-wisior-z-labradorytem\/\",\"name\":\"Owalny wisior z labradorytem - Centrum Ogrodniczne Magnolia\",\"isPartOf\":{\"@id\":\"https:\/\/centrumogrodnicze-magnolia.pl\/#website\"},\"primaryImageOfPage\":{\"@id\":\"https:\/\/centrumogrodnicze-magnolia.pl\/sklep\/bizuteria\/wisiorki\/owalny-wisior-z-labradorytem\/#primaryimage\"},\"image\":{\"@id\":\"https:\/\/centrumogrodnicze-magnolia.pl\/sklep\/bizuteria\/wisiorki\/owalny-wisior-z-labradorytem\/#primaryimage\"},\"thumbnailUrl\":\"https:\/\/centrumogrodnicze-magnolia.pl\/wp-content\/uploads\/2026\/03\/Screenshot-2026-03-30-at-13.19.07.png\",\"datePublished\":\"2026-03-30T11:18:21+00:00\",\"dateModified\":\"2026-03-30T11:19:20+00:00\",\"breadcrumb\":{\"@id\":\"https:\/\/centrumogrodnicze-magnolia.pl\/sklep\/bizuteria\/wisiorki\/owalny-wisior-z-labradorytem\/#breadcrumb\"},\"inLanguage\":\"en-GB\",\"potentialAction\":[{\"@type\":\"ReadAction\",\"target\":[\"https:\/\/centrumogrodnicze-magnolia.pl\/sklep\/bizuteria\/wisiorki\/owalny-wisior-z-labradorytem\/\"]}]},{\"@type\":\"ImageObject\",\"inLanguage\":\"en-GB\",\"@id\":\"https:\/\/centrumogrodnicze-magnolia.pl\/sklep\/bizuteria\/wisiorki\/owalny-wisior-z-labradorytem\/#primaryimage\",\"url\":\"https:\/\/centrumogrodnicze-magnolia.pl\/wp-content\/uploads\/2026\/03\/Screenshot-2026-03-30-at-13.19.07.png\",\"contentUrl\":\"https:\/\/centrumogrodnicze-magnolia.pl\/wp-content\/uploads\/2026\/03\/Screenshot-2026-03-30-at-13.19.07.png\",\"width\":1084,\"height\":1336},{\"@type\":\"BreadcrumbList\",\"@id\":\"https:\/\/centrumogrodnicze-magnolia.pl\/sklep\/bizuteria\/wisiorki\/owalny-wisior-z-labradorytem\/#breadcrumb\",\"itemListElement\":[{\"@type\":\"ListItem\",\"position\":1,\"name\":\"Home\",\"item\":\"https:\/\/centrumogrodnicze-magnolia.pl\/\"},{\"@type\":\"ListItem\",\"position\":2,\"name\":\"Sklep\",\"item\":\"https:\/\/centrumogrodnicze-magnolia.pl\/sklep\/\"},{\"@type\":\"ListItem\",\"position\":3,\"name\":\"Owalny wisior z labradorytem\"}]},{\"@type\":\"WebSite\",\"@id\":\"https:\/\/centrumogrodnicze-magnolia.pl\/#website\",\"url\":\"https:\/\/centrumogrodnicze-magnolia.pl\/\",\"name\":\"Centrum Ogrodniczne Magnolia\",\"description\":\"\",\"publisher\":{\"@id\":\"https:\/\/centrumogrodnicze-magnolia.pl\/#organization\"},\"potentialAction\":[{\"@type\":\"SearchAction\",\"target\":{\"@type\":\"EntryPoint\",\"urlTemplate\":\"https:\/\/centrumogrodnicze-magnolia.pl\/?s={search_term_string}\"},\"query-input\":{\"@type\":\"PropertyValueSpecification\",\"valueRequired\":true,\"valueName\":\"search_term_string\"}}],\"inLanguage\":\"en-GB\"},{\"@type\":\"Organization\",\"@id\":\"https:\/\/centrumogrodnicze-magnolia.pl\/#organization\",\"name\":\"Centrum Ogrodniczne Magnolia\",\"url\":\"https:\/\/centrumogrodnicze-magnolia.pl\/\",\"logo\":{\"@type\":\"ImageObject\",\"inLanguage\":\"en-GB\",\"@id\":\"https:\/\/centrumogrodnicze-magnolia.pl\/#\/schema\/logo\/image\/\",\"url\":\"https:\/\/centrumogrodnicze-magnolia.pl\/wp-content\/uploads\/2026\/02\/Projekt-bez-nazwy-36.png\",\"contentUrl\":\"https:\/\/centrumogrodnicze-magnolia.pl\/wp-content\/uploads\/2026\/02\/Projekt-bez-nazwy-36.png\",\"width\":1600,\"height\":362,\"caption\":\"Centrum Ogrodniczne Magnolia\"},\"image\":{\"@id\":\"https:\/\/centrumogrodnicze-magnolia.pl\/#\/schema\/logo\/image\/\"}}]}<\/script>\n<!-- \/ Yoast SEO plugin. -->","yoast_head_json":{"title":"Owalny wisior z labradorytem - Centrum Ogrodniczne Magnolia","robots":{"index":"index","follow":"follow","max-snippet":"max-snippet:-1","max-image-preview":"max-image-preview:large","max-video-preview":"max-video-preview:-1"},"canonical":"https:\/\/centrumogrodnicze-magnolia.pl\/en\/sklep\/bizuteria\/wisiorki\/owalny-wisior-z-labradorytem\/","og_locale":"en_GB","og_type":"article","og_title":"Owalny wisior z labradorytem - Centrum Ogrodniczne Magnolia","og_description":"Numer katalogowy:\u00a014454  metal warto\u015b\u0107 pr\u00f3by:\u00a0srebro 925  d\u0142ugo\u015b\u0107 wraz zawieszeniem cm:\u00a06,4  szeroko\u015b\u0107 obr\u0105czki w najszerszym miejscu w cm\u00a0:\u00a03,6  wielko\u015b\u0107 kamienia\/ oczka w cm:\u00a03,8 x 2,9  kamie\u0144:\u00a0labradoryt  waga:\u00a019gDost\u0119pno\u015b\u0107:\u00a0Dost\u0119pny od r\u0119k","og_url":"https:\/\/centrumogrodnicze-magnolia.pl\/en\/sklep\/bizuteria\/wisiorki\/owalny-wisior-z-labradorytem\/","og_site_name":"Centrum Ogrodniczne Magnolia","article_modified_time":"2026-03-30T11:19:20+00:00","og_image":[{"width":649,"height":800,"url":"https:\/\/centrumogrodnicze-magnolia.pl\/wp-content\/uploads\/2026\/03\/Screenshot-2026-03-30-at-13.19.07-649x800.png","type":"image\/png"}],"twitter_card":"summary_large_image","twitter_misc":{"Estimated reading time":"1 minute"},"schema":{"@context":"https:\/\/schema.org","@graph":[{"@type":"WebPage","@id":"https:\/\/centrumogrodnicze-magnolia.pl\/sklep\/bizuteria\/wisiorki\/owalny-wisior-z-labradorytem\/","url":"https:\/\/centrumogrodnicze-magnolia.pl\/sklep\/bizuteria\/wisiorki\/owalny-wisior-z-labradorytem\/","name":"Owalny wisior z labradorytem - Centrum Ogrodniczne Magnolia","isPartOf":{"@id":"https:\/\/centrumogrodnicze-magnolia.pl\/#website"},"primaryImageOfPage":{"@id":"https:\/\/centrumogrodnicze-magnolia.pl\/sklep\/bizuteria\/wisiorki\/owalny-wisior-z-labradorytem\/#primaryimage"},"image":{"@id":"https:\/\/centrumogrodnicze-magnolia.pl\/sklep\/bizuteria\/wisiorki\/owalny-wisior-z-labradorytem\/#primaryimage"},"thumbnailUrl":"https:\/\/centrumogrodnicze-magnolia.pl\/wp-content\/uploads\/2026\/03\/Screenshot-2026-03-30-at-13.19.07.png","datePublished":"2026-03-30T11:18:21+00:00","dateModified":"2026-03-30T11:19:20+00:00","breadcrumb":{"@id":"https:\/\/centrumogrodnicze-magnolia.pl\/sklep\/bizuteria\/wisiorki\/owalny-wisior-z-labradorytem\/#breadcrumb"},"inLanguage":"en-GB","potentialAction":[{"@type":"ReadAction","target":["https:\/\/centrumogrodnicze-magnolia.pl\/sklep\/bizuteria\/wisiorki\/owalny-wisior-z-labradorytem\/"]}]},{"@type":"ImageObject","inLanguage":"en-GB","@id":"https:\/\/centrumogrodnicze-magnolia.pl\/sklep\/bizuteria\/wisiorki\/owalny-wisior-z-labradorytem\/#primaryimage","url":"https:\/\/centrumogrodnicze-magnolia.pl\/wp-content\/uploads\/2026\/03\/Screenshot-2026-03-30-at-13.19.07.png","contentUrl":"https:\/\/centrumogrodnicze-magnolia.pl\/wp-content\/uploads\/2026\/03\/Screenshot-2026-03-30-at-13.19.07.png","width":1084,"height":1336},{"@type":"BreadcrumbList","@id":"https:\/\/centrumogrodnicze-magnolia.pl\/sklep\/bizuteria\/wisiorki\/owalny-wisior-z-labradorytem\/#breadcrumb","itemListElement":[{"@type":"ListItem","position":1,"name":"Home","item":"https:\/\/centrumogrodnicze-magnolia.pl\/"},{"@type":"ListItem","position":2,"name":"Sklep","item":"https:\/\/centrumogrodnicze-magnolia.pl\/sklep\/"},{"@type":"ListItem","position":3,"name":"Owalny wisior z labradorytem"}]},{"@type":"WebSite","@id":"https:\/\/centrumogrodnicze-magnolia.pl\/#website","url":"https:\/\/centrumogrodnicze-magnolia.pl\/","name":"Centrum Ogrodniczne Magnolia","description":"","publisher":{"@id":"https:\/\/centrumogrodnicze-magnolia.pl\/#organization"},"potentialAction":[{"@type":"SearchAction","target":{"@type":"EntryPoint","urlTemplate":"https:\/\/centrumogrodnicze-magnolia.pl\/?s={search_term_string}"},"query-input":{"@type":"PropertyValueSpecification","valueRequired":true,"valueName":"search_term_string"}}],"inLanguage":"en-GB"},{"@type":"Organization","@id":"https:\/\/centrumogrodnicze-magnolia.pl\/#organization","name":"Centrum Ogrodniczne Magnolia","url":"https:\/\/centrumogrodnicze-magnolia.pl\/","logo":{"@type":"ImageObject","inLanguage":"en-GB","@id":"https:\/\/centrumogrodnicze-magnolia.pl\/#\/schema\/logo\/image\/","url":"https:\/\/centrumogrodnicze-magnolia.pl\/wp-content\/uploads\/2026\/02\/Projekt-bez-nazwy-36.png","contentUrl":"https:\/\/centrumogrodnicze-magnolia.pl\/wp-content\/uploads\/2026\/02\/Projekt-bez-nazwy-36.png","width":1600,"height":362,"caption":"Centrum Ogrodniczne Magnolia"},"image":{"@id":"https:\/\/centrumogrodnicze-magnolia.pl\/#\/schema\/logo\/image\/"}}]}},"_links":{"self":[{"href":"https:\/\/centrumogrodnicze-magnolia.pl\/en\/wp-json\/wp\/v2\/product\/30302","targetHints":{"allow":["GET"]}}],"collection":[{"href":"https:\/\/centrumogrodnicze-magnolia.pl\/en\/wp-json\/wp\/v2\/product"}],"about":[{"href":"https:\/\/centrumogrodnicze-magnolia.pl\/en\/wp-json\/wp\/v2\/types\/product"}],"version-history":[{"count":1,"href":"https:\/\/centrumogrodnicze-magnolia.pl\/en\/wp-json\/wp\/v2\/product\/30302\/revisions"}],"predecessor-version":[{"id":30304,"href":"https:\/\/centrumogrodnicze-magnolia.pl\/en\/wp-json\/wp\/v2\/product\/30302\/revisions\/30304"}],"wp:featuredmedia":[{"embeddable":true,"href":"https:\/\/centrumogrodnicze-magnolia.pl\/en\/wp-json\/wp\/v2\/media\/30303"}],"wp:attachment":[{"href":"https:\/\/centrumogrodnicze-magnolia.pl\/en\/wp-json\/wp\/v2\/media?parent=30302"}],"wp:term":[{"taxonomy":"product_brand","embeddable":true,"href":"https:\/\/centrumogrodnicze-magnolia.pl\/en\/wp-json\/wp\/v2\/product_brand?post=30302"},{"taxonomy":"product_cat","embeddable":true,"href":"https:\/\/centrumogrodnicze-magnolia.pl\/en\/wp-json\/wp\/v2\/product_cat?post=30302"},{"taxonomy":"product_tag","embeddable":true,"href":"https:\/\/centrumogrodnicze-magnolia.pl\/en\/wp-json\/wp\/v2\/product_tag?post=30302"}],"curies":[{"name":"wp","href":"https:\/\/api.w.org\/{rel}","templated":true}]}}