{"id":29846,"date":"2026-03-20T11:54:12","date_gmt":"2026-03-20T10:54:12","guid":{"rendered":"https:\/\/centrumogrodnicze-magnolia.pl\/?post_type=product&#038;p=29846"},"modified":"2026-03-30T13:27:39","modified_gmt":"2026-03-30T11:27:39","slug":"zawieszka-z-lososiowa-cyrkonia","status":"publish","type":"product","link":"https:\/\/centrumogrodnicze-magnolia.pl\/en\/sklep\/bizuteria\/wisiorki\/zawieszka-z-lososiowa-cyrkonia\/","title":{"rendered":"Zawieszka z \u0142ososiow\u0105 cyrkoni\u0105"},"content":{"rendered":"<div id=\"menu_153\" class=\"center_menu menumodule col3\">\n<div id=\"module_63\" class=\"module col3\">\n<div class=\"module_body\">\n<div id=\"product\" class=\"product\">\n<div id=\"product_description\" class=\"product_description\">\n<div class=\"product_description_item site\">\n<div id=\"menu_153\" class=\"center_menu menumodule col3\">\n<div id=\"module_63\" class=\"module col3\">\n<div class=\"module_body\">\n<div id=\"product\" class=\"product\">\n<div id=\"product_description\" class=\"product_description\">\n<div class=\"product_description_item site\">\n<div id=\"menu_153\" class=\"center_menu menumodule col3\">\n<div id=\"module_63\" class=\"module col3\">\n<div class=\"module_body\">\n<div id=\"product\" class=\"product\">\n<div id=\"product_description\" class=\"product_description\">\n<div class=\"product_description_item site\">\n<div id=\"menu_153\" class=\"center_menu menumodule col3\">\n<div id=\"module_63\" class=\"module col3\">\n<div class=\"module_body\">\n<div id=\"product\" class=\"product\">\n<div id=\"product_description\" class=\"product_description\">\n<div class=\"product_description_item site\">\n<div id=\"menu_153\" class=\"center_menu menumodule col3\">\n<div id=\"module_63\" class=\"module col3\">\n<div class=\"module_body\">\n<div id=\"product\" class=\"product\">\n<div id=\"product_description\" class=\"product_description\">\n<div class=\"product_description_item site\">\n<div id=\"menu_153\" class=\"center_menu menumodule col3\">\n<div id=\"module_63\" class=\"module col3\">\n<div class=\"module_body\">\n<div id=\"product\" class=\"product\">\n<div id=\"product_description\" class=\"product_description\">\n<div class=\"product_description_item site\">\n<div id=\"menu_153\" class=\"center_menu menumodule col3\">\n<div id=\"module_63\" class=\"module col3\">\n<div class=\"module_body\">\n<div id=\"product\" class=\"product\">\n<div id=\"product_description\" class=\"product_description\">\n<div class=\"product_description_item site\">\n<div id=\"menu_153\" class=\"center_menu menumodule col3\">\n<div id=\"module_63\" class=\"module col3\">\n<div class=\"module_body\">\n<div id=\"product\" class=\"product\">\n<div id=\"product_description\" class=\"product_description\">\n<div class=\"product_description_item site\">\n<div id=\"menu_153\" class=\"center_menu menumodule col3\">\n<div id=\"module_63\" class=\"module col3\">\n<div class=\"module_body\">\n<div id=\"product\" class=\"product\">\n<div id=\"product_description\" class=\"product_description\">\n<div class=\"product_description_item site\">\n<p>Prostok\u0105tna zawieszka w ciekawym \u0142ososiowym kolorze, oprawiona w srebro pr\u00f3by 925. Oczko zawieszki jest lekko wypuk\u0142e. Mo\u017cliwo\u015b\u0107 dokupienia do kompletu kolczyk\u00f3w oraz pier\u015bcionka.<\/p>\n<\/div>\n<\/div>\n<div class=\"clear\"><\/div>\n<\/div>\n<div class=\"clear\"><\/div>\n<\/div>\n<\/div>\n<div class=\"clear\"><\/div>\n<\/div>\n<div id=\"menu_154\" class=\"center_menu menu1\">\n<div id=\"module_64\" class=\"module col3 product_list\"><\/div>\n<\/div>\n<\/div>\n<\/div>\n<\/div>\n<\/div>\n<\/div>\n<\/div>\n<\/div>\n<\/div>\n<\/div>\n<\/div>\n<\/div>\n<\/div>\n<\/div>\n<\/div>\n<\/div>\n<\/div>\n<\/div>\n<\/div>\n<\/div>\n<\/div>\n<\/div>\n<\/div>\n<\/div>\n<\/div>\n<\/div>\n<\/div>\n<\/div>\n<\/div>\n<\/div>\n<\/div>\n<\/div>\n<\/div>\n<\/div>\n<\/div>\n<\/div>\n<\/div>\n<\/div>\n<\/div>\n<\/div>\n<\/div>\n<\/div>\n<\/div>\n<\/div>\n<\/div>\n<\/div>\n<\/div>\n<\/div>\n<\/div>","protected":false},"excerpt":{"rendered":"<ul class=\"product_properties\">\n<li class=\"symbol\">Numer katalogowy:\u00a0<b>10126<\/b><\/li>\n<li><span class=\"redp\">metal warto\u015b\u0107 pr\u00f3by<\/span>:\u00a0<b>srebro 925<\/b><\/li>\n<li><span class=\"redp\">d\u0142ugo\u015b\u0107 wraz zawieszeniem cm<\/span>:\u00a0<b>3,5<\/b><\/li>\n<li><span class=\"redp\">wielko\u015b\u0107 kamienia\/ oczka w cm<\/span>:\u00a0<b>1,9 x 2,5<\/b><\/li>\n<li><span class=\"redp\">kamie\u0144<\/span>:\u00a0<b>cyrkonia<\/b><\/li>\n<li><span class=\"redp\">waga<\/span>:\u00a0<b>8,8g<\/b><\/li>\n<li><span class=\"redp\">kolor<\/span>:\u00a0<b>\u0142ososiowa cyrkonia<\/b><\/li>\n<li class=\"dost\">\n<div class=\"clear\">Dost\u0119pno\u015b\u0107: <b>Dost\u0119pny od r\u0119ki<\/b><\/div>\n<\/li>\n<\/ul>","protected":false},"featured_media":29847,"template":"","meta":[],"product_brand":[],"product_cat":[91],"product_tag":[],"class_list":{"0":"post-29846","1":"product","2":"type-product","3":"status-publish","4":"has-post-thumbnail","6":"product_cat-wisiorki","8":"first","9":"instock","10":"taxable","11":"shipping-taxable","12":"purchasable","13":"product-type-simple"},"yoast_head":"<!-- This site is optimized with the Yoast SEO plugin v24.4 - https:\/\/yoast.com\/wordpress\/plugins\/seo\/ -->\n<title>Zawieszka z \u0142ososiow\u0105 cyrkoni\u0105 - Centrum Ogrodniczne Magnolia<\/title>\n<meta name=\"robots\" content=\"index, follow, max-snippet:-1, max-image-preview:large, max-video-preview:-1\" \/>\n<link rel=\"canonical\" href=\"https:\/\/centrumogrodnicze-magnolia.pl\/en\/sklep\/bizuteria\/wisiorki\/zawieszka-z-lososiowa-cyrkonia\/\" \/>\n<meta property=\"og:locale\" content=\"en_GB\" \/>\n<meta property=\"og:type\" content=\"article\" \/>\n<meta property=\"og:title\" content=\"Zawieszka z \u0142ososiow\u0105 cyrkoni\u0105 - Centrum Ogrodniczne Magnolia\" \/>\n<meta property=\"og:description\" content=\"Numer katalogowy:\u00a010126  metal warto\u015b\u0107 pr\u00f3by:\u00a0srebro 925  d\u0142ugo\u015b\u0107 wraz zawieszeniem cm:\u00a03,5  wielko\u015b\u0107 kamienia\/ oczka w cm:\u00a01,9 x 2,5  kamie\u0144:\u00a0cyrkonia  waga:\u00a08,8g  kolor:\u00a0\u0142ososiowa cyrkonia   Dost\u0119pno\u015b\u0107: Dost\u0119pny od r\u0119ki\" \/>\n<meta property=\"og:url\" content=\"https:\/\/centrumogrodnicze-magnolia.pl\/en\/sklep\/bizuteria\/wisiorki\/zawieszka-z-lososiowa-cyrkonia\/\" \/>\n<meta property=\"og:site_name\" content=\"Centrum Ogrodniczne Magnolia\" \/>\n<meta property=\"article:modified_time\" content=\"2026-03-30T11:27:39+00:00\" \/>\n<meta property=\"og:image\" content=\"https:\/\/centrumogrodnicze-magnolia.pl\/wp-content\/uploads\/2026\/03\/Screenshot-2026-03-20-at-11.55.05-758x800.png\" \/>\n\t<meta property=\"og:image:width\" content=\"758\" \/>\n\t<meta property=\"og:image:height\" content=\"800\" \/>\n\t<meta property=\"og:image:type\" content=\"image\/png\" \/>\n<meta name=\"twitter:card\" content=\"summary_large_image\" \/>\n<script type=\"application\/ld+json\" class=\"yoast-schema-graph\">{\"@context\":\"https:\/\/schema.org\",\"@graph\":[{\"@type\":\"WebPage\",\"@id\":\"https:\/\/centrumogrodnicze-magnolia.pl\/sklep\/bizuteria\/wisiorki\/zawieszka-z-lososiowa-cyrkonia\/\",\"url\":\"https:\/\/centrumogrodnicze-magnolia.pl\/sklep\/bizuteria\/wisiorki\/zawieszka-z-lososiowa-cyrkonia\/\",\"name\":\"Zawieszka z \u0142ososiow\u0105 cyrkoni\u0105 - Centrum Ogrodniczne Magnolia\",\"isPartOf\":{\"@id\":\"https:\/\/centrumogrodnicze-magnolia.pl\/#website\"},\"primaryImageOfPage\":{\"@id\":\"https:\/\/centrumogrodnicze-magnolia.pl\/sklep\/bizuteria\/wisiorki\/zawieszka-z-lososiowa-cyrkonia\/#primaryimage\"},\"image\":{\"@id\":\"https:\/\/centrumogrodnicze-magnolia.pl\/sklep\/bizuteria\/wisiorki\/zawieszka-z-lososiowa-cyrkonia\/#primaryimage\"},\"thumbnailUrl\":\"https:\/\/centrumogrodnicze-magnolia.pl\/wp-content\/uploads\/2026\/03\/Screenshot-2026-03-20-at-11.55.05.png\",\"datePublished\":\"2026-03-20T10:54:12+00:00\",\"dateModified\":\"2026-03-30T11:27:39+00:00\",\"breadcrumb\":{\"@id\":\"https:\/\/centrumogrodnicze-magnolia.pl\/sklep\/bizuteria\/wisiorki\/zawieszka-z-lososiowa-cyrkonia\/#breadcrumb\"},\"inLanguage\":\"en-GB\",\"potentialAction\":[{\"@type\":\"ReadAction\",\"target\":[\"https:\/\/centrumogrodnicze-magnolia.pl\/sklep\/bizuteria\/wisiorki\/zawieszka-z-lososiowa-cyrkonia\/\"]}]},{\"@type\":\"ImageObject\",\"inLanguage\":\"en-GB\",\"@id\":\"https:\/\/centrumogrodnicze-magnolia.pl\/sklep\/bizuteria\/wisiorki\/zawieszka-z-lososiowa-cyrkonia\/#primaryimage\",\"url\":\"https:\/\/centrumogrodnicze-magnolia.pl\/wp-content\/uploads\/2026\/03\/Screenshot-2026-03-20-at-11.55.05.png\",\"contentUrl\":\"https:\/\/centrumogrodnicze-magnolia.pl\/wp-content\/uploads\/2026\/03\/Screenshot-2026-03-20-at-11.55.05.png\",\"width\":1128,\"height\":1190},{\"@type\":\"BreadcrumbList\",\"@id\":\"https:\/\/centrumogrodnicze-magnolia.pl\/sklep\/bizuteria\/wisiorki\/zawieszka-z-lososiowa-cyrkonia\/#breadcrumb\",\"itemListElement\":[{\"@type\":\"ListItem\",\"position\":1,\"name\":\"Home\",\"item\":\"https:\/\/centrumogrodnicze-magnolia.pl\/\"},{\"@type\":\"ListItem\",\"position\":2,\"name\":\"Sklep\",\"item\":\"https:\/\/centrumogrodnicze-magnolia.pl\/sklep\/\"},{\"@type\":\"ListItem\",\"position\":3,\"name\":\"Zawieszka z \u0142ososiow\u0105 cyrkoni\u0105\"}]},{\"@type\":\"WebSite\",\"@id\":\"https:\/\/centrumogrodnicze-magnolia.pl\/#website\",\"url\":\"https:\/\/centrumogrodnicze-magnolia.pl\/\",\"name\":\"Centrum Ogrodniczne Magnolia\",\"description\":\"\",\"publisher\":{\"@id\":\"https:\/\/centrumogrodnicze-magnolia.pl\/#organization\"},\"potentialAction\":[{\"@type\":\"SearchAction\",\"target\":{\"@type\":\"EntryPoint\",\"urlTemplate\":\"https:\/\/centrumogrodnicze-magnolia.pl\/?s={search_term_string}\"},\"query-input\":{\"@type\":\"PropertyValueSpecification\",\"valueRequired\":true,\"valueName\":\"search_term_string\"}}],\"inLanguage\":\"en-GB\"},{\"@type\":\"Organization\",\"@id\":\"https:\/\/centrumogrodnicze-magnolia.pl\/#organization\",\"name\":\"Centrum Ogrodniczne Magnolia\",\"url\":\"https:\/\/centrumogrodnicze-magnolia.pl\/\",\"logo\":{\"@type\":\"ImageObject\",\"inLanguage\":\"en-GB\",\"@id\":\"https:\/\/centrumogrodnicze-magnolia.pl\/#\/schema\/logo\/image\/\",\"url\":\"https:\/\/centrumogrodnicze-magnolia.pl\/wp-content\/uploads\/2026\/02\/Projekt-bez-nazwy-36.png\",\"contentUrl\":\"https:\/\/centrumogrodnicze-magnolia.pl\/wp-content\/uploads\/2026\/02\/Projekt-bez-nazwy-36.png\",\"width\":1600,\"height\":362,\"caption\":\"Centrum Ogrodniczne Magnolia\"},\"image\":{\"@id\":\"https:\/\/centrumogrodnicze-magnolia.pl\/#\/schema\/logo\/image\/\"}}]}<\/script>\n<!-- \/ Yoast SEO plugin. -->","yoast_head_json":{"title":"Zawieszka z \u0142ososiow\u0105 cyrkoni\u0105 - Centrum Ogrodniczne Magnolia","robots":{"index":"index","follow":"follow","max-snippet":"max-snippet:-1","max-image-preview":"max-image-preview:large","max-video-preview":"max-video-preview:-1"},"canonical":"https:\/\/centrumogrodnicze-magnolia.pl\/en\/sklep\/bizuteria\/wisiorki\/zawieszka-z-lososiowa-cyrkonia\/","og_locale":"en_GB","og_type":"article","og_title":"Zawieszka z \u0142ososiow\u0105 cyrkoni\u0105 - Centrum Ogrodniczne Magnolia","og_description":"Numer katalogowy:\u00a010126  metal warto\u015b\u0107 pr\u00f3by:\u00a0srebro 925  d\u0142ugo\u015b\u0107 wraz zawieszeniem cm:\u00a03,5  wielko\u015b\u0107 kamienia\/ oczka w cm:\u00a01,9 x 2,5  kamie\u0144:\u00a0cyrkonia  waga:\u00a08,8g  kolor:\u00a0\u0142ososiowa cyrkonia   Dost\u0119pno\u015b\u0107: Dost\u0119pny od r\u0119ki","og_url":"https:\/\/centrumogrodnicze-magnolia.pl\/en\/sklep\/bizuteria\/wisiorki\/zawieszka-z-lososiowa-cyrkonia\/","og_site_name":"Centrum Ogrodniczne Magnolia","article_modified_time":"2026-03-30T11:27:39+00:00","og_image":[{"width":758,"height":800,"url":"https:\/\/centrumogrodnicze-magnolia.pl\/wp-content\/uploads\/2026\/03\/Screenshot-2026-03-20-at-11.55.05-758x800.png","type":"image\/png"}],"twitter_card":"summary_large_image","schema":{"@context":"https:\/\/schema.org","@graph":[{"@type":"WebPage","@id":"https:\/\/centrumogrodnicze-magnolia.pl\/sklep\/bizuteria\/wisiorki\/zawieszka-z-lososiowa-cyrkonia\/","url":"https:\/\/centrumogrodnicze-magnolia.pl\/sklep\/bizuteria\/wisiorki\/zawieszka-z-lososiowa-cyrkonia\/","name":"Zawieszka z \u0142ososiow\u0105 cyrkoni\u0105 - Centrum Ogrodniczne Magnolia","isPartOf":{"@id":"https:\/\/centrumogrodnicze-magnolia.pl\/#website"},"primaryImageOfPage":{"@id":"https:\/\/centrumogrodnicze-magnolia.pl\/sklep\/bizuteria\/wisiorki\/zawieszka-z-lososiowa-cyrkonia\/#primaryimage"},"image":{"@id":"https:\/\/centrumogrodnicze-magnolia.pl\/sklep\/bizuteria\/wisiorki\/zawieszka-z-lososiowa-cyrkonia\/#primaryimage"},"thumbnailUrl":"https:\/\/centrumogrodnicze-magnolia.pl\/wp-content\/uploads\/2026\/03\/Screenshot-2026-03-20-at-11.55.05.png","datePublished":"2026-03-20T10:54:12+00:00","dateModified":"2026-03-30T11:27:39+00:00","breadcrumb":{"@id":"https:\/\/centrumogrodnicze-magnolia.pl\/sklep\/bizuteria\/wisiorki\/zawieszka-z-lososiowa-cyrkonia\/#breadcrumb"},"inLanguage":"en-GB","potentialAction":[{"@type":"ReadAction","target":["https:\/\/centrumogrodnicze-magnolia.pl\/sklep\/bizuteria\/wisiorki\/zawieszka-z-lososiowa-cyrkonia\/"]}]},{"@type":"ImageObject","inLanguage":"en-GB","@id":"https:\/\/centrumogrodnicze-magnolia.pl\/sklep\/bizuteria\/wisiorki\/zawieszka-z-lososiowa-cyrkonia\/#primaryimage","url":"https:\/\/centrumogrodnicze-magnolia.pl\/wp-content\/uploads\/2026\/03\/Screenshot-2026-03-20-at-11.55.05.png","contentUrl":"https:\/\/centrumogrodnicze-magnolia.pl\/wp-content\/uploads\/2026\/03\/Screenshot-2026-03-20-at-11.55.05.png","width":1128,"height":1190},{"@type":"BreadcrumbList","@id":"https:\/\/centrumogrodnicze-magnolia.pl\/sklep\/bizuteria\/wisiorki\/zawieszka-z-lososiowa-cyrkonia\/#breadcrumb","itemListElement":[{"@type":"ListItem","position":1,"name":"Home","item":"https:\/\/centrumogrodnicze-magnolia.pl\/"},{"@type":"ListItem","position":2,"name":"Sklep","item":"https:\/\/centrumogrodnicze-magnolia.pl\/sklep\/"},{"@type":"ListItem","position":3,"name":"Zawieszka z \u0142ososiow\u0105 cyrkoni\u0105"}]},{"@type":"WebSite","@id":"https:\/\/centrumogrodnicze-magnolia.pl\/#website","url":"https:\/\/centrumogrodnicze-magnolia.pl\/","name":"Centrum Ogrodniczne Magnolia","description":"","publisher":{"@id":"https:\/\/centrumogrodnicze-magnolia.pl\/#organization"},"potentialAction":[{"@type":"SearchAction","target":{"@type":"EntryPoint","urlTemplate":"https:\/\/centrumogrodnicze-magnolia.pl\/?s={search_term_string}"},"query-input":{"@type":"PropertyValueSpecification","valueRequired":true,"valueName":"search_term_string"}}],"inLanguage":"en-GB"},{"@type":"Organization","@id":"https:\/\/centrumogrodnicze-magnolia.pl\/#organization","name":"Centrum Ogrodniczne Magnolia","url":"https:\/\/centrumogrodnicze-magnolia.pl\/","logo":{"@type":"ImageObject","inLanguage":"en-GB","@id":"https:\/\/centrumogrodnicze-magnolia.pl\/#\/schema\/logo\/image\/","url":"https:\/\/centrumogrodnicze-magnolia.pl\/wp-content\/uploads\/2026\/02\/Projekt-bez-nazwy-36.png","contentUrl":"https:\/\/centrumogrodnicze-magnolia.pl\/wp-content\/uploads\/2026\/02\/Projekt-bez-nazwy-36.png","width":1600,"height":362,"caption":"Centrum Ogrodniczne Magnolia"},"image":{"@id":"https:\/\/centrumogrodnicze-magnolia.pl\/#\/schema\/logo\/image\/"}}]}},"_links":{"self":[{"href":"https:\/\/centrumogrodnicze-magnolia.pl\/en\/wp-json\/wp\/v2\/product\/29846","targetHints":{"allow":["GET"]}}],"collection":[{"href":"https:\/\/centrumogrodnicze-magnolia.pl\/en\/wp-json\/wp\/v2\/product"}],"about":[{"href":"https:\/\/centrumogrodnicze-magnolia.pl\/en\/wp-json\/wp\/v2\/types\/product"}],"version-history":[{"count":1,"href":"https:\/\/centrumogrodnicze-magnolia.pl\/en\/wp-json\/wp\/v2\/product\/29846\/revisions"}],"predecessor-version":[{"id":29848,"href":"https:\/\/centrumogrodnicze-magnolia.pl\/en\/wp-json\/wp\/v2\/product\/29846\/revisions\/29848"}],"wp:featuredmedia":[{"embeddable":true,"href":"https:\/\/centrumogrodnicze-magnolia.pl\/en\/wp-json\/wp\/v2\/media\/29847"}],"wp:attachment":[{"href":"https:\/\/centrumogrodnicze-magnolia.pl\/en\/wp-json\/wp\/v2\/media?parent=29846"}],"wp:term":[{"taxonomy":"product_brand","embeddable":true,"href":"https:\/\/centrumogrodnicze-magnolia.pl\/en\/wp-json\/wp\/v2\/product_brand?post=29846"},{"taxonomy":"product_cat","embeddable":true,"href":"https:\/\/centrumogrodnicze-magnolia.pl\/en\/wp-json\/wp\/v2\/product_cat?post=29846"},{"taxonomy":"product_tag","embeddable":true,"href":"https:\/\/centrumogrodnicze-magnolia.pl\/en\/wp-json\/wp\/v2\/product_tag?post=29846"}],"curies":[{"name":"wp","href":"https:\/\/api.w.org\/{rel}","templated":true}]}}