{"id":29798,"date":"2026-03-20T08:50:05","date_gmt":"2026-03-20T07:50:05","guid":{"rendered":"https:\/\/centrumogrodnicze-magnolia.pl\/?post_type=product&#038;p=29798"},"modified":"2026-03-30T13:09:10","modified_gmt":"2026-03-30T11:09:10","slug":"oksydowany-pierscionek-z-bursztynem","status":"publish","type":"product","link":"https:\/\/centrumogrodnicze-magnolia.pl\/en\/sklep\/bizuteria\/pierscionki-bizuteria\/oksydowany-pierscionek-z-bursztynem\/","title":{"rendered":"Oksydowany pier\u015bcionek z bursztynem"},"content":{"rendered":"<div id=\"menu_153\" class=\"center_menu menumodule col3\">\n<div id=\"module_63\" class=\"module col3\">\n<div class=\"module_body\">\n<div id=\"product\" class=\"product\">\n<div id=\"product_description\" class=\"product_description\">\n<div class=\"product_description_item site\">\n<div id=\"menu_153\" class=\"center_menu menumodule col3\">\n<div id=\"module_63\" class=\"module col3\">\n<div class=\"module_body\">\n<div id=\"product\" class=\"product\">\n<div id=\"product_description\" class=\"product_description\">\n<div class=\"product_description_item site\">\n<p>\u00a0Efektowny owalny pier\u015bcionek z bursztynu w modnym miodowym kolorze, oprawiony w oksydowane srebro pr\u00f3by 925. Fantazyjne zdobienie obw\u00f3dki oraz obr\u0105czki pier\u015bcionka nawi\u0105zuje do niezwyk\u0142ej sztuki secesji. Wielko\u015b\u0107 oczka pier\u015bcionka: 29mm d\u0142.\/ 24mm szer.<\/p>\n<\/div>\n<\/div>\n<\/div>\n<\/div>\n<\/div>\n<\/div>\n<\/div>\n<\/div>\n<\/div>\n<\/div>\n<\/div>\n<\/div>","protected":false},"excerpt":{"rendered":"<ul class=\"product_properties\">\n<li class=\"symbol\">Numer katalogowy:\u00a0<b>12538<\/b><\/li>\n<li><span class=\"redp\">metal warto\u015b\u0107 pr\u00f3by<\/span>:\u00a0<b>srebro 925<\/b><\/li>\n<li><span class=\"redp\">wielko\u015b\u0107 kamienia\/ oczka w cm<\/span>:\u00a0<b>2,8 x 2,4<\/b><\/li>\n<li><span class=\"redp\">kamie\u0144<\/span>:\u00a0<b>bursztyn<\/b><\/li>\n<li><span class=\"redp\">waga<\/span>:\u00a0<b>10g<\/b><\/li>\n<li><span class=\"redp\">kolor<\/span>:\u00a0<b>miodowy<\/b><\/li>\n<li><span class=\"redp\">rozmiar\u00a0<\/span>:\u00a0<b>14<\/b><\/li>\n<\/ul>","protected":false},"featured_media":29799,"template":"","meta":[],"product_brand":[],"product_cat":[97],"product_tag":[],"class_list":{"0":"post-29798","1":"product","2":"type-product","3":"status-publish","4":"has-post-thumbnail","6":"product_cat-pierscionki-bizuteria","8":"first","9":"instock","10":"taxable","11":"shipping-taxable","12":"purchasable","13":"product-type-simple"},"yoast_head":"<!-- This site is optimized with the Yoast SEO plugin v24.4 - https:\/\/yoast.com\/wordpress\/plugins\/seo\/ -->\n<title>Oksydowany pier\u015bcionek z bursztynem - Centrum Ogrodniczne Magnolia<\/title>\n<meta name=\"robots\" content=\"index, follow, max-snippet:-1, max-image-preview:large, max-video-preview:-1\" \/>\n<link rel=\"canonical\" href=\"https:\/\/centrumogrodnicze-magnolia.pl\/en\/sklep\/bizuteria\/pierscionki-bizuteria\/oksydowany-pierscionek-z-bursztynem\/\" \/>\n<meta property=\"og:locale\" content=\"en_GB\" \/>\n<meta property=\"og:type\" content=\"article\" \/>\n<meta property=\"og:title\" content=\"Oksydowany pier\u015bcionek z bursztynem - Centrum Ogrodniczne Magnolia\" \/>\n<meta property=\"og:description\" content=\"Numer katalogowy:\u00a012538  metal warto\u015b\u0107 pr\u00f3by:\u00a0srebro 925  wielko\u015b\u0107 kamienia\/ oczka w cm:\u00a02,8 x 2,4  kamie\u0144:\u00a0bursztyn  waga:\u00a010g  kolor:\u00a0miodowy  rozmiar\u00a0:\u00a014\" \/>\n<meta property=\"og:url\" content=\"https:\/\/centrumogrodnicze-magnolia.pl\/en\/sklep\/bizuteria\/pierscionki-bizuteria\/oksydowany-pierscionek-z-bursztynem\/\" \/>\n<meta property=\"og:site_name\" content=\"Centrum Ogrodniczne Magnolia\" \/>\n<meta property=\"article:modified_time\" content=\"2026-03-30T11:09:10+00:00\" \/>\n<meta property=\"og:image\" content=\"https:\/\/centrumogrodnicze-magnolia.pl\/wp-content\/uploads\/2026\/03\/Screenshot-2026-03-20-at-08.50.43-856x800.png\" \/>\n\t<meta property=\"og:image:width\" content=\"856\" \/>\n\t<meta property=\"og:image:height\" content=\"800\" \/>\n\t<meta property=\"og:image:type\" content=\"image\/png\" \/>\n<meta name=\"twitter:card\" content=\"summary_large_image\" \/>\n<script type=\"application\/ld+json\" class=\"yoast-schema-graph\">{\"@context\":\"https:\/\/schema.org\",\"@graph\":[{\"@type\":\"WebPage\",\"@id\":\"https:\/\/centrumogrodnicze-magnolia.pl\/sklep\/bizuteria\/pierscionki-bizuteria\/oksydowany-pierscionek-z-bursztynem\/\",\"url\":\"https:\/\/centrumogrodnicze-magnolia.pl\/sklep\/bizuteria\/pierscionki-bizuteria\/oksydowany-pierscionek-z-bursztynem\/\",\"name\":\"Oksydowany pier\u015bcionek z bursztynem - Centrum Ogrodniczne Magnolia\",\"isPartOf\":{\"@id\":\"https:\/\/centrumogrodnicze-magnolia.pl\/#website\"},\"primaryImageOfPage\":{\"@id\":\"https:\/\/centrumogrodnicze-magnolia.pl\/sklep\/bizuteria\/pierscionki-bizuteria\/oksydowany-pierscionek-z-bursztynem\/#primaryimage\"},\"image\":{\"@id\":\"https:\/\/centrumogrodnicze-magnolia.pl\/sklep\/bizuteria\/pierscionki-bizuteria\/oksydowany-pierscionek-z-bursztynem\/#primaryimage\"},\"thumbnailUrl\":\"https:\/\/centrumogrodnicze-magnolia.pl\/wp-content\/uploads\/2026\/03\/Screenshot-2026-03-20-at-08.50.43.png\",\"datePublished\":\"2026-03-20T07:50:05+00:00\",\"dateModified\":\"2026-03-30T11:09:10+00:00\",\"breadcrumb\":{\"@id\":\"https:\/\/centrumogrodnicze-magnolia.pl\/sklep\/bizuteria\/pierscionki-bizuteria\/oksydowany-pierscionek-z-bursztynem\/#breadcrumb\"},\"inLanguage\":\"en-GB\",\"potentialAction\":[{\"@type\":\"ReadAction\",\"target\":[\"https:\/\/centrumogrodnicze-magnolia.pl\/sklep\/bizuteria\/pierscionki-bizuteria\/oksydowany-pierscionek-z-bursztynem\/\"]}]},{\"@type\":\"ImageObject\",\"inLanguage\":\"en-GB\",\"@id\":\"https:\/\/centrumogrodnicze-magnolia.pl\/sklep\/bizuteria\/pierscionki-bizuteria\/oksydowany-pierscionek-z-bursztynem\/#primaryimage\",\"url\":\"https:\/\/centrumogrodnicze-magnolia.pl\/wp-content\/uploads\/2026\/03\/Screenshot-2026-03-20-at-08.50.43.png\",\"contentUrl\":\"https:\/\/centrumogrodnicze-magnolia.pl\/wp-content\/uploads\/2026\/03\/Screenshot-2026-03-20-at-08.50.43.png\",\"width\":1340,\"height\":1252},{\"@type\":\"BreadcrumbList\",\"@id\":\"https:\/\/centrumogrodnicze-magnolia.pl\/sklep\/bizuteria\/pierscionki-bizuteria\/oksydowany-pierscionek-z-bursztynem\/#breadcrumb\",\"itemListElement\":[{\"@type\":\"ListItem\",\"position\":1,\"name\":\"Home\",\"item\":\"https:\/\/centrumogrodnicze-magnolia.pl\/\"},{\"@type\":\"ListItem\",\"position\":2,\"name\":\"Sklep\",\"item\":\"https:\/\/centrumogrodnicze-magnolia.pl\/sklep\/\"},{\"@type\":\"ListItem\",\"position\":3,\"name\":\"Oksydowany pier\u015bcionek z bursztynem\"}]},{\"@type\":\"WebSite\",\"@id\":\"https:\/\/centrumogrodnicze-magnolia.pl\/#website\",\"url\":\"https:\/\/centrumogrodnicze-magnolia.pl\/\",\"name\":\"Centrum Ogrodniczne Magnolia\",\"description\":\"\",\"publisher\":{\"@id\":\"https:\/\/centrumogrodnicze-magnolia.pl\/#organization\"},\"potentialAction\":[{\"@type\":\"SearchAction\",\"target\":{\"@type\":\"EntryPoint\",\"urlTemplate\":\"https:\/\/centrumogrodnicze-magnolia.pl\/?s={search_term_string}\"},\"query-input\":{\"@type\":\"PropertyValueSpecification\",\"valueRequired\":true,\"valueName\":\"search_term_string\"}}],\"inLanguage\":\"en-GB\"},{\"@type\":\"Organization\",\"@id\":\"https:\/\/centrumogrodnicze-magnolia.pl\/#organization\",\"name\":\"Centrum Ogrodniczne Magnolia\",\"url\":\"https:\/\/centrumogrodnicze-magnolia.pl\/\",\"logo\":{\"@type\":\"ImageObject\",\"inLanguage\":\"en-GB\",\"@id\":\"https:\/\/centrumogrodnicze-magnolia.pl\/#\/schema\/logo\/image\/\",\"url\":\"https:\/\/centrumogrodnicze-magnolia.pl\/wp-content\/uploads\/2026\/02\/Projekt-bez-nazwy-36.png\",\"contentUrl\":\"https:\/\/centrumogrodnicze-magnolia.pl\/wp-content\/uploads\/2026\/02\/Projekt-bez-nazwy-36.png\",\"width\":1600,\"height\":362,\"caption\":\"Centrum Ogrodniczne Magnolia\"},\"image\":{\"@id\":\"https:\/\/centrumogrodnicze-magnolia.pl\/#\/schema\/logo\/image\/\"}}]}<\/script>\n<!-- \/ Yoast SEO plugin. -->","yoast_head_json":{"title":"Oksydowany pier\u015bcionek z bursztynem - Centrum Ogrodniczne Magnolia","robots":{"index":"index","follow":"follow","max-snippet":"max-snippet:-1","max-image-preview":"max-image-preview:large","max-video-preview":"max-video-preview:-1"},"canonical":"https:\/\/centrumogrodnicze-magnolia.pl\/en\/sklep\/bizuteria\/pierscionki-bizuteria\/oksydowany-pierscionek-z-bursztynem\/","og_locale":"en_GB","og_type":"article","og_title":"Oksydowany pier\u015bcionek z bursztynem - Centrum Ogrodniczne Magnolia","og_description":"Numer katalogowy:\u00a012538  metal warto\u015b\u0107 pr\u00f3by:\u00a0srebro 925  wielko\u015b\u0107 kamienia\/ oczka w cm:\u00a02,8 x 2,4  kamie\u0144:\u00a0bursztyn  waga:\u00a010g  kolor:\u00a0miodowy  rozmiar\u00a0:\u00a014","og_url":"https:\/\/centrumogrodnicze-magnolia.pl\/en\/sklep\/bizuteria\/pierscionki-bizuteria\/oksydowany-pierscionek-z-bursztynem\/","og_site_name":"Centrum Ogrodniczne Magnolia","article_modified_time":"2026-03-30T11:09:10+00:00","og_image":[{"width":856,"height":800,"url":"https:\/\/centrumogrodnicze-magnolia.pl\/wp-content\/uploads\/2026\/03\/Screenshot-2026-03-20-at-08.50.43-856x800.png","type":"image\/png"}],"twitter_card":"summary_large_image","schema":{"@context":"https:\/\/schema.org","@graph":[{"@type":"WebPage","@id":"https:\/\/centrumogrodnicze-magnolia.pl\/sklep\/bizuteria\/pierscionki-bizuteria\/oksydowany-pierscionek-z-bursztynem\/","url":"https:\/\/centrumogrodnicze-magnolia.pl\/sklep\/bizuteria\/pierscionki-bizuteria\/oksydowany-pierscionek-z-bursztynem\/","name":"Oksydowany pier\u015bcionek z bursztynem - Centrum Ogrodniczne Magnolia","isPartOf":{"@id":"https:\/\/centrumogrodnicze-magnolia.pl\/#website"},"primaryImageOfPage":{"@id":"https:\/\/centrumogrodnicze-magnolia.pl\/sklep\/bizuteria\/pierscionki-bizuteria\/oksydowany-pierscionek-z-bursztynem\/#primaryimage"},"image":{"@id":"https:\/\/centrumogrodnicze-magnolia.pl\/sklep\/bizuteria\/pierscionki-bizuteria\/oksydowany-pierscionek-z-bursztynem\/#primaryimage"},"thumbnailUrl":"https:\/\/centrumogrodnicze-magnolia.pl\/wp-content\/uploads\/2026\/03\/Screenshot-2026-03-20-at-08.50.43.png","datePublished":"2026-03-20T07:50:05+00:00","dateModified":"2026-03-30T11:09:10+00:00","breadcrumb":{"@id":"https:\/\/centrumogrodnicze-magnolia.pl\/sklep\/bizuteria\/pierscionki-bizuteria\/oksydowany-pierscionek-z-bursztynem\/#breadcrumb"},"inLanguage":"en-GB","potentialAction":[{"@type":"ReadAction","target":["https:\/\/centrumogrodnicze-magnolia.pl\/sklep\/bizuteria\/pierscionki-bizuteria\/oksydowany-pierscionek-z-bursztynem\/"]}]},{"@type":"ImageObject","inLanguage":"en-GB","@id":"https:\/\/centrumogrodnicze-magnolia.pl\/sklep\/bizuteria\/pierscionki-bizuteria\/oksydowany-pierscionek-z-bursztynem\/#primaryimage","url":"https:\/\/centrumogrodnicze-magnolia.pl\/wp-content\/uploads\/2026\/03\/Screenshot-2026-03-20-at-08.50.43.png","contentUrl":"https:\/\/centrumogrodnicze-magnolia.pl\/wp-content\/uploads\/2026\/03\/Screenshot-2026-03-20-at-08.50.43.png","width":1340,"height":1252},{"@type":"BreadcrumbList","@id":"https:\/\/centrumogrodnicze-magnolia.pl\/sklep\/bizuteria\/pierscionki-bizuteria\/oksydowany-pierscionek-z-bursztynem\/#breadcrumb","itemListElement":[{"@type":"ListItem","position":1,"name":"Home","item":"https:\/\/centrumogrodnicze-magnolia.pl\/"},{"@type":"ListItem","position":2,"name":"Sklep","item":"https:\/\/centrumogrodnicze-magnolia.pl\/sklep\/"},{"@type":"ListItem","position":3,"name":"Oksydowany pier\u015bcionek z bursztynem"}]},{"@type":"WebSite","@id":"https:\/\/centrumogrodnicze-magnolia.pl\/#website","url":"https:\/\/centrumogrodnicze-magnolia.pl\/","name":"Centrum Ogrodniczne Magnolia","description":"","publisher":{"@id":"https:\/\/centrumogrodnicze-magnolia.pl\/#organization"},"potentialAction":[{"@type":"SearchAction","target":{"@type":"EntryPoint","urlTemplate":"https:\/\/centrumogrodnicze-magnolia.pl\/?s={search_term_string}"},"query-input":{"@type":"PropertyValueSpecification","valueRequired":true,"valueName":"search_term_string"}}],"inLanguage":"en-GB"},{"@type":"Organization","@id":"https:\/\/centrumogrodnicze-magnolia.pl\/#organization","name":"Centrum Ogrodniczne Magnolia","url":"https:\/\/centrumogrodnicze-magnolia.pl\/","logo":{"@type":"ImageObject","inLanguage":"en-GB","@id":"https:\/\/centrumogrodnicze-magnolia.pl\/#\/schema\/logo\/image\/","url":"https:\/\/centrumogrodnicze-magnolia.pl\/wp-content\/uploads\/2026\/02\/Projekt-bez-nazwy-36.png","contentUrl":"https:\/\/centrumogrodnicze-magnolia.pl\/wp-content\/uploads\/2026\/02\/Projekt-bez-nazwy-36.png","width":1600,"height":362,"caption":"Centrum Ogrodniczne Magnolia"},"image":{"@id":"https:\/\/centrumogrodnicze-magnolia.pl\/#\/schema\/logo\/image\/"}}]}},"_links":{"self":[{"href":"https:\/\/centrumogrodnicze-magnolia.pl\/en\/wp-json\/wp\/v2\/product\/29798","targetHints":{"allow":["GET"]}}],"collection":[{"href":"https:\/\/centrumogrodnicze-magnolia.pl\/en\/wp-json\/wp\/v2\/product"}],"about":[{"href":"https:\/\/centrumogrodnicze-magnolia.pl\/en\/wp-json\/wp\/v2\/types\/product"}],"version-history":[{"count":1,"href":"https:\/\/centrumogrodnicze-magnolia.pl\/en\/wp-json\/wp\/v2\/product\/29798\/revisions"}],"predecessor-version":[{"id":29801,"href":"https:\/\/centrumogrodnicze-magnolia.pl\/en\/wp-json\/wp\/v2\/product\/29798\/revisions\/29801"}],"wp:featuredmedia":[{"embeddable":true,"href":"https:\/\/centrumogrodnicze-magnolia.pl\/en\/wp-json\/wp\/v2\/media\/29799"}],"wp:attachment":[{"href":"https:\/\/centrumogrodnicze-magnolia.pl\/en\/wp-json\/wp\/v2\/media?parent=29798"}],"wp:term":[{"taxonomy":"product_brand","embeddable":true,"href":"https:\/\/centrumogrodnicze-magnolia.pl\/en\/wp-json\/wp\/v2\/product_brand?post=29798"},{"taxonomy":"product_cat","embeddable":true,"href":"https:\/\/centrumogrodnicze-magnolia.pl\/en\/wp-json\/wp\/v2\/product_cat?post=29798"},{"taxonomy":"product_tag","embeddable":true,"href":"https:\/\/centrumogrodnicze-magnolia.pl\/en\/wp-json\/wp\/v2\/product_tag?post=29798"}],"curies":[{"name":"wp","href":"https:\/\/api.w.org\/{rel}","templated":true}]}}