{"id":29526,"date":"2026-03-04T09:20:38","date_gmt":"2026-03-04T08:20:38","guid":{"rendered":"https:\/\/centrumogrodnicze-magnolia.pl\/?post_type=product&#038;p=29526"},"modified":"2026-04-02T13:45:35","modified_gmt":"2026-04-02T11:45:35","slug":"magnolia","status":"publish","type":"product","link":"https:\/\/centrumogrodnicze-magnolia.pl\/en\/sklep\/nowosci\/magnolia\/","title":{"rendered":"Magnolia"},"content":{"rendered":"<p>Wyprostowany krzew lub ma\u0142e drzewko. W wieku 15 lat osi\u0105ga 3,5 m wys. Li\u015bcie jasnozielone, eliptyczne, zaostrzone, 10-15 cm d\u0142. P\u0105ki kwiatowe wysmuk\u0142e, sierpowate w kszta\u0142cie, purpurowoczerwone. Kwiaty du\u017ce, do 10 cm, z\u0142o\u017cone z 8 tepali, zewn\u0105trz r\u00f3\u017cowoczerwone, wewn\u0105trz ja\u015bniejsze. Kwitnie bardzo obficie przed rozwojem li\u015bci, IV-V. Stanowisko s\u0142oneczne i lekko cieniste, os\u0142oni\u0119te. Wymaga ziemi \u017cyznej, dostatecznie wilgotnej, nie za ci\u0119\u017ckiej, zasobnej w pr\u00f3chnic\u0119, przepuszczalnej. Odczyn gleby lekko kwa\u015bny (pH 5-6). Wra\u017cliwy na mechaniczne uszkodzenie korzeni. Nie nale\u017cy dopuszcza\u0107 do przeschni\u0119cia pod\u0142o\u017ca wok\u00f3\u0142 ro\u015bliny, szczeg\u00f3lne od maja do lipca. Przycinanie p\u0119d\u00f3w jest niewskazane. Zim\u0105 nale\u017cy chroni\u0107 system korzeniowy poprzez okrywanie. Korzystne jest ca\u0142oroczne \u015bci\u00f3\u0142kowanie. W sezonie warto magnoli\u0119 nawozi\u0107, ale nie wolno u\u017cywa\u0107 nawoz\u00f3w zawieraj\u0105cych wap\u0144. Najlepiej wygl\u0105da posadzona w s\u0142onecznym miejscu na trawniku lub przy domu od strony po\u0142udniowej. Polecana do ma\u0142ych ogrod\u00f3w. Ta odmiana to jeden z o\u015bmiu miesza\u0144c\u00f3w powsta\u0142ych w 1965 w U. S. National Arboretum w Waszyngtonie i nazwanych zbiorowo \u201eosiem ma\u0142ych dziewczynek&#8217;.<\/p>\n<p>&nbsp;<\/p>\n<p>&nbsp;<\/p>","protected":false},"excerpt":{"rendered":"<p>Wyprostowany krzew lub ma\u0142e drzewko. W wieku 15 lat osi\u0105ga 3,5 m wys. Li\u015bcie jasnozielone, eliptyczne, zaostrzone, 10-15 cm d\u0142. P\u0105ki kwiatowe wysmuk\u0142e, sierpowate w kszta\u0142cie, purpurowoczerwone. Kwiaty du\u017ce, do 10 cm, z\u0142o\u017cone z 8 tepali, zewn\u0105trz r\u00f3\u017cowoczerwone, wewn\u0105trz ja\u015bniejsze.<\/p>\n<h5 class=\"elementor-heading-title elementor-size-default elementor-inline-editing pen\" contenteditable=\"true\" data-elementor-setting-key=\"title\" data-pen-placeholder=\"Pisz tutaj...\">Zdj\u0119cie ro\u015blin jest pogl\u0105dowe. Wysoko\u015b\u0107 i wielko\u015b\u0107 mo\u017ce si\u0119 r\u00f3\u017cni\u0107 w zale\u017cno\u015bci od parti produktu.\u200b<\/h5>","protected":false},"featured_media":29527,"template":"","meta":[],"product_brand":[],"product_cat":[110],"product_tag":[],"class_list":{"0":"post-29526","1":"product","2":"type-product","3":"status-publish","4":"has-post-thumbnail","6":"product_cat-nowosci","7":"product_shipping_class-rosliny","9":"first","10":"outofstock","11":"taxable","12":"shipping-taxable","13":"purchasable","14":"product-type-simple"},"yoast_head":"<!-- This site is optimized with the Yoast SEO plugin v24.4 - https:\/\/yoast.com\/wordpress\/plugins\/seo\/ -->\n<title>Magnolia - Centrum Ogrodniczne Magnolia<\/title>\n<meta name=\"robots\" content=\"index, follow, max-snippet:-1, max-image-preview:large, max-video-preview:-1\" \/>\n<link rel=\"canonical\" href=\"https:\/\/centrumogrodnicze-magnolia.pl\/en\/sklep\/nowosci\/magnolia\/\" \/>\n<meta property=\"og:locale\" content=\"en_GB\" \/>\n<meta property=\"og:type\" content=\"article\" \/>\n<meta property=\"og:title\" content=\"Magnolia - Centrum Ogrodniczne Magnolia\" \/>\n<meta property=\"og:description\" content=\"Wyprostowany krzew lub ma\u0142e drzewko. W wieku 15 lat osi\u0105ga 3,5 m wys. Li\u015bcie jasnozielone, eliptyczne, zaostrzone, 10-15 cm d\u0142. P\u0105ki kwiatowe wysmuk\u0142e, sierpowate w kszta\u0142cie, purpurowoczerwone. Kwiaty du\u017ce, do 10 cm, z\u0142o\u017cone z 8 tepali, zewn\u0105trz r\u00f3\u017cowoczerwone, wewn\u0105trz ja\u015bniejsze. Zdj\u0119cie ro\u015blin jest pogl\u0105dowe. Wysoko\u015b\u0107 i wielko\u015b\u0107 mo\u017ce si\u0119 r\u00f3\u017cni\u0107 w zale\u017cno\u015bci od parti produktu.\u200b\" \/>\n<meta property=\"og:url\" content=\"https:\/\/centrumogrodnicze-magnolia.pl\/en\/sklep\/nowosci\/magnolia\/\" \/>\n<meta property=\"og:site_name\" content=\"Centrum Ogrodniczne Magnolia\" \/>\n<meta property=\"article:modified_time\" content=\"2026-04-02T11:45:35+00:00\" \/>\n<meta property=\"og:image\" content=\"https:\/\/centrumogrodnicze-magnolia.pl\/wp-content\/uploads\/2026\/03\/image-1.jpeg\" \/>\n\t<meta property=\"og:image:width\" content=\"427\" \/>\n\t<meta property=\"og:image:height\" content=\"347\" \/>\n\t<meta property=\"og:image:type\" content=\"image\/jpeg\" \/>\n<meta name=\"twitter:card\" content=\"summary_large_image\" \/>\n<meta name=\"twitter:label1\" content=\"Estimated reading time\" \/>\n\t<meta name=\"twitter:data1\" content=\"2 minutes\" \/>\n<script type=\"application\/ld+json\" class=\"yoast-schema-graph\">{\"@context\":\"https:\/\/schema.org\",\"@graph\":[{\"@type\":\"WebPage\",\"@id\":\"https:\/\/centrumogrodnicze-magnolia.pl\/sklep\/nowosci\/magnolia\/\",\"url\":\"https:\/\/centrumogrodnicze-magnolia.pl\/sklep\/nowosci\/magnolia\/\",\"name\":\"Magnolia - Centrum Ogrodniczne Magnolia\",\"isPartOf\":{\"@id\":\"https:\/\/centrumogrodnicze-magnolia.pl\/#website\"},\"primaryImageOfPage\":{\"@id\":\"https:\/\/centrumogrodnicze-magnolia.pl\/sklep\/nowosci\/magnolia\/#primaryimage\"},\"image\":{\"@id\":\"https:\/\/centrumogrodnicze-magnolia.pl\/sklep\/nowosci\/magnolia\/#primaryimage\"},\"thumbnailUrl\":\"https:\/\/centrumogrodnicze-magnolia.pl\/wp-content\/uploads\/2026\/03\/image-1.jpeg\",\"datePublished\":\"2026-03-04T08:20:38+00:00\",\"dateModified\":\"2026-04-02T11:45:35+00:00\",\"breadcrumb\":{\"@id\":\"https:\/\/centrumogrodnicze-magnolia.pl\/sklep\/nowosci\/magnolia\/#breadcrumb\"},\"inLanguage\":\"en-GB\",\"potentialAction\":[{\"@type\":\"ReadAction\",\"target\":[\"https:\/\/centrumogrodnicze-magnolia.pl\/sklep\/nowosci\/magnolia\/\"]}]},{\"@type\":\"ImageObject\",\"inLanguage\":\"en-GB\",\"@id\":\"https:\/\/centrumogrodnicze-magnolia.pl\/sklep\/nowosci\/magnolia\/#primaryimage\",\"url\":\"https:\/\/centrumogrodnicze-magnolia.pl\/wp-content\/uploads\/2026\/03\/image-1.jpeg\",\"contentUrl\":\"https:\/\/centrumogrodnicze-magnolia.pl\/wp-content\/uploads\/2026\/03\/image-1.jpeg\",\"width\":427,\"height\":347},{\"@type\":\"BreadcrumbList\",\"@id\":\"https:\/\/centrumogrodnicze-magnolia.pl\/sklep\/nowosci\/magnolia\/#breadcrumb\",\"itemListElement\":[{\"@type\":\"ListItem\",\"position\":1,\"name\":\"Home\",\"item\":\"https:\/\/centrumogrodnicze-magnolia.pl\/\"},{\"@type\":\"ListItem\",\"position\":2,\"name\":\"Sklep\",\"item\":\"https:\/\/centrumogrodnicze-magnolia.pl\/sklep\/\"},{\"@type\":\"ListItem\",\"position\":3,\"name\":\"Magnolia\"}]},{\"@type\":\"WebSite\",\"@id\":\"https:\/\/centrumogrodnicze-magnolia.pl\/#website\",\"url\":\"https:\/\/centrumogrodnicze-magnolia.pl\/\",\"name\":\"Centrum Ogrodniczne Magnolia\",\"description\":\"\",\"publisher\":{\"@id\":\"https:\/\/centrumogrodnicze-magnolia.pl\/#organization\"},\"potentialAction\":[{\"@type\":\"SearchAction\",\"target\":{\"@type\":\"EntryPoint\",\"urlTemplate\":\"https:\/\/centrumogrodnicze-magnolia.pl\/?s={search_term_string}\"},\"query-input\":{\"@type\":\"PropertyValueSpecification\",\"valueRequired\":true,\"valueName\":\"search_term_string\"}}],\"inLanguage\":\"en-GB\"},{\"@type\":\"Organization\",\"@id\":\"https:\/\/centrumogrodnicze-magnolia.pl\/#organization\",\"name\":\"Centrum Ogrodniczne Magnolia\",\"url\":\"https:\/\/centrumogrodnicze-magnolia.pl\/\",\"logo\":{\"@type\":\"ImageObject\",\"inLanguage\":\"en-GB\",\"@id\":\"https:\/\/centrumogrodnicze-magnolia.pl\/#\/schema\/logo\/image\/\",\"url\":\"https:\/\/centrumogrodnicze-magnolia.pl\/wp-content\/uploads\/2026\/02\/Projekt-bez-nazwy-36.png\",\"contentUrl\":\"https:\/\/centrumogrodnicze-magnolia.pl\/wp-content\/uploads\/2026\/02\/Projekt-bez-nazwy-36.png\",\"width\":1600,\"height\":362,\"caption\":\"Centrum Ogrodniczne Magnolia\"},\"image\":{\"@id\":\"https:\/\/centrumogrodnicze-magnolia.pl\/#\/schema\/logo\/image\/\"}}]}<\/script>\n<!-- \/ Yoast SEO plugin. -->","yoast_head_json":{"title":"Magnolia - Centrum Ogrodniczne Magnolia","robots":{"index":"index","follow":"follow","max-snippet":"max-snippet:-1","max-image-preview":"max-image-preview:large","max-video-preview":"max-video-preview:-1"},"canonical":"https:\/\/centrumogrodnicze-magnolia.pl\/en\/sklep\/nowosci\/magnolia\/","og_locale":"en_GB","og_type":"article","og_title":"Magnolia - Centrum Ogrodniczne Magnolia","og_description":"Wyprostowany krzew lub ma\u0142e drzewko. W wieku 15 lat osi\u0105ga 3,5 m wys. Li\u015bcie jasnozielone, eliptyczne, zaostrzone, 10-15 cm d\u0142. P\u0105ki kwiatowe wysmuk\u0142e, sierpowate w kszta\u0142cie, purpurowoczerwone. Kwiaty du\u017ce, do 10 cm, z\u0142o\u017cone z 8 tepali, zewn\u0105trz r\u00f3\u017cowoczerwone, wewn\u0105trz ja\u015bniejsze. Zdj\u0119cie ro\u015blin jest pogl\u0105dowe. Wysoko\u015b\u0107 i wielko\u015b\u0107 mo\u017ce si\u0119 r\u00f3\u017cni\u0107 w zale\u017cno\u015bci od parti produktu.\u200b","og_url":"https:\/\/centrumogrodnicze-magnolia.pl\/en\/sklep\/nowosci\/magnolia\/","og_site_name":"Centrum Ogrodniczne Magnolia","article_modified_time":"2026-04-02T11:45:35+00:00","og_image":[{"width":427,"height":347,"url":"https:\/\/centrumogrodnicze-magnolia.pl\/wp-content\/uploads\/2026\/03\/image-1.jpeg","type":"image\/jpeg"}],"twitter_card":"summary_large_image","twitter_misc":{"Estimated reading time":"2 minutes"},"schema":{"@context":"https:\/\/schema.org","@graph":[{"@type":"WebPage","@id":"https:\/\/centrumogrodnicze-magnolia.pl\/sklep\/nowosci\/magnolia\/","url":"https:\/\/centrumogrodnicze-magnolia.pl\/sklep\/nowosci\/magnolia\/","name":"Magnolia - Centrum Ogrodniczne Magnolia","isPartOf":{"@id":"https:\/\/centrumogrodnicze-magnolia.pl\/#website"},"primaryImageOfPage":{"@id":"https:\/\/centrumogrodnicze-magnolia.pl\/sklep\/nowosci\/magnolia\/#primaryimage"},"image":{"@id":"https:\/\/centrumogrodnicze-magnolia.pl\/sklep\/nowosci\/magnolia\/#primaryimage"},"thumbnailUrl":"https:\/\/centrumogrodnicze-magnolia.pl\/wp-content\/uploads\/2026\/03\/image-1.jpeg","datePublished":"2026-03-04T08:20:38+00:00","dateModified":"2026-04-02T11:45:35+00:00","breadcrumb":{"@id":"https:\/\/centrumogrodnicze-magnolia.pl\/sklep\/nowosci\/magnolia\/#breadcrumb"},"inLanguage":"en-GB","potentialAction":[{"@type":"ReadAction","target":["https:\/\/centrumogrodnicze-magnolia.pl\/sklep\/nowosci\/magnolia\/"]}]},{"@type":"ImageObject","inLanguage":"en-GB","@id":"https:\/\/centrumogrodnicze-magnolia.pl\/sklep\/nowosci\/magnolia\/#primaryimage","url":"https:\/\/centrumogrodnicze-magnolia.pl\/wp-content\/uploads\/2026\/03\/image-1.jpeg","contentUrl":"https:\/\/centrumogrodnicze-magnolia.pl\/wp-content\/uploads\/2026\/03\/image-1.jpeg","width":427,"height":347},{"@type":"BreadcrumbList","@id":"https:\/\/centrumogrodnicze-magnolia.pl\/sklep\/nowosci\/magnolia\/#breadcrumb","itemListElement":[{"@type":"ListItem","position":1,"name":"Home","item":"https:\/\/centrumogrodnicze-magnolia.pl\/"},{"@type":"ListItem","position":2,"name":"Sklep","item":"https:\/\/centrumogrodnicze-magnolia.pl\/sklep\/"},{"@type":"ListItem","position":3,"name":"Magnolia"}]},{"@type":"WebSite","@id":"https:\/\/centrumogrodnicze-magnolia.pl\/#website","url":"https:\/\/centrumogrodnicze-magnolia.pl\/","name":"Centrum Ogrodniczne Magnolia","description":"","publisher":{"@id":"https:\/\/centrumogrodnicze-magnolia.pl\/#organization"},"potentialAction":[{"@type":"SearchAction","target":{"@type":"EntryPoint","urlTemplate":"https:\/\/centrumogrodnicze-magnolia.pl\/?s={search_term_string}"},"query-input":{"@type":"PropertyValueSpecification","valueRequired":true,"valueName":"search_term_string"}}],"inLanguage":"en-GB"},{"@type":"Organization","@id":"https:\/\/centrumogrodnicze-magnolia.pl\/#organization","name":"Centrum Ogrodniczne Magnolia","url":"https:\/\/centrumogrodnicze-magnolia.pl\/","logo":{"@type":"ImageObject","inLanguage":"en-GB","@id":"https:\/\/centrumogrodnicze-magnolia.pl\/#\/schema\/logo\/image\/","url":"https:\/\/centrumogrodnicze-magnolia.pl\/wp-content\/uploads\/2026\/02\/Projekt-bez-nazwy-36.png","contentUrl":"https:\/\/centrumogrodnicze-magnolia.pl\/wp-content\/uploads\/2026\/02\/Projekt-bez-nazwy-36.png","width":1600,"height":362,"caption":"Centrum Ogrodniczne Magnolia"},"image":{"@id":"https:\/\/centrumogrodnicze-magnolia.pl\/#\/schema\/logo\/image\/"}}]}},"_links":{"self":[{"href":"https:\/\/centrumogrodnicze-magnolia.pl\/en\/wp-json\/wp\/v2\/product\/29526","targetHints":{"allow":["GET"]}}],"collection":[{"href":"https:\/\/centrumogrodnicze-magnolia.pl\/en\/wp-json\/wp\/v2\/product"}],"about":[{"href":"https:\/\/centrumogrodnicze-magnolia.pl\/en\/wp-json\/wp\/v2\/types\/product"}],"version-history":[{"count":6,"href":"https:\/\/centrumogrodnicze-magnolia.pl\/en\/wp-json\/wp\/v2\/product\/29526\/revisions"}],"predecessor-version":[{"id":30051,"href":"https:\/\/centrumogrodnicze-magnolia.pl\/en\/wp-json\/wp\/v2\/product\/29526\/revisions\/30051"}],"wp:featuredmedia":[{"embeddable":true,"href":"https:\/\/centrumogrodnicze-magnolia.pl\/en\/wp-json\/wp\/v2\/media\/29527"}],"wp:attachment":[{"href":"https:\/\/centrumogrodnicze-magnolia.pl\/en\/wp-json\/wp\/v2\/media?parent=29526"}],"wp:term":[{"taxonomy":"product_brand","embeddable":true,"href":"https:\/\/centrumogrodnicze-magnolia.pl\/en\/wp-json\/wp\/v2\/product_brand?post=29526"},{"taxonomy":"product_cat","embeddable":true,"href":"https:\/\/centrumogrodnicze-magnolia.pl\/en\/wp-json\/wp\/v2\/product_cat?post=29526"},{"taxonomy":"product_tag","embeddable":true,"href":"https:\/\/centrumogrodnicze-magnolia.pl\/en\/wp-json\/wp\/v2\/product_tag?post=29526"}],"curies":[{"name":"wp","href":"https:\/\/api.w.org\/{rel}","templated":true}]}}